{"id":49874,"date":"2024-12-06T12:05:12","date_gmt":"2024-12-06T12:05:12","guid":{"rendered":"https:\/\/www.educatce.cl\/sva\/?page_id=49874"},"modified":"2024-12-08T05:14:21","modified_gmt":"2024-12-08T05:14:21","slug":"dia-en-mision","status":"publish","type":"page","link":"https:\/\/www.educatce.cl\/sva\/dia-en-mision\/","title":{"rendered":"D\u00eda en Misi\u00f3n"},"content":{"rendered":"\t\t<div data-elementor-type=\"wp-page\" data-elementor-id=\"49874\" class=\"elementor elementor-49874\">\n\t\t\t\t<div class=\"elementor-element elementor-element-f5006f9 e-flex e-con-boxed e-con e-parent\" data-id=\"f5006f9\" data-element_type=\"container\">\n\t\t\t\t\t<div class=\"e-con-inner\">\n\t\t<div class=\"elementor-element elementor-element-ba35ea8 e-con-full e-flex e-con e-child\" data-id=\"ba35ea8\" data-element_type=\"container\">\n\t\t\t\t<\/div>\n\t\t<div class=\"elementor-element elementor-element-65f4dc5 e-con-full e-flex e-con e-child\" data-id=\"65f4dc5\" data-element_type=\"container\">\n\t\t\t\t<div class=\"elementor-element elementor-element-185e7d3 elementor-widget elementor-widget-video\" data-id=\"185e7d3\" data-element_type=\"widget\" data-settings=\"{&quot;youtube_url&quot;:&quot;https:\\\/\\\/www.youtube.com\\\/watch?v=iVNp4D1PhJI&quot;,&quot;video_type&quot;:&quot;youtube&quot;,&quot;controls&quot;:&quot;yes&quot;}\" data-widget_type=\"video.default\">\n\t\t\t\t<div class=\"elementor-widget-container\">\n\t\t\t\t\t<div class=\"elementor-wrapper elementor-open-inline\">\n\t\t\t<div class=\"elementor-video\"><\/div>\t\t<\/div>\n\t\t\t\t<\/div>\n\t\t\t\t<\/div>\n\t\t\t\t<\/div>\n\t\t<div class=\"elementor-element elementor-element-8d275ea e-con-full e-flex e-con e-child\" data-id=\"8d275ea\" data-element_type=\"container\">\n\t\t\t\t<\/div>\n\t\t\t\t\t<\/div>\n\t\t\t\t<\/div>\n\t\t<div class=\"elementor-element elementor-element-cb190a9 e-grid e-con-boxed e-con e-parent\" data-id=\"cb190a9\" data-element_type=\"container\">\n\t\t\t\t\t<div class=\"e-con-inner\">\n\t\t\t\t<div class=\"elementor-element elementor-element-df1c24c elementor-widget elementor-widget-text-editor\" data-id=\"df1c24c\" data-element_type=\"widget\" data-widget_type=\"text-editor.default\">\n\t\t\t\t<div class=\"elementor-widget-container\">\n\t\t\t\t\t\t\t<p>Donaci\u00f3n de sangre, limpieza de espacios p\u00fablicos, recolecci\u00f3n de alimentos, \u201ccomparte tu pan\u201d en hospital, atenci\u00f3n en m\u00f3dulos de salud y entrega de literatura cristiana, fueron algunas de las 18 actividades que realizaron m\u00e1s de 600 estudiantes del CATCE el martes 29 de octubre en distintos puntos de la ciudad.<\/p>\n<p>Se trata de la materializaci\u00f3n del programa CATCE en Misi\u00f3n, ejecutada por los estudiantes desde Pre B\u00e1sica hasta Ense\u00f1anza Media.<\/p>\n<p><a href=\"https:\/\/www.educatce.cl\/04\/catce-en-mision-logro18-intervenciones-urbanas-en-un-solo-dia\/\">Conoce m\u00e1s &gt;&gt;<\/a><\/p>\n\t\t\t\t\t\t<\/div>\n\t\t\t\t<\/div>\n\t\t\t\t\t<\/div>\n\t\t\t\t<\/div>\n\t\t\t\t<\/div>\n\t\t","protected":false},"excerpt":{"rendered":"<p>https:\/\/www.youtube.com\/watch?v=iVNp4D1PhJI Donaci\u00f3n de sangre, limpieza de espacios p\u00fablicos, recolecci\u00f3n de alimentos, \u201ccomparte tu pan\u201d en hospital, atenci\u00f3n en m\u00f3dulos de salud y entrega de literatura cristiana, fueron algunas de las 18 actividades que realizaron m\u00e1s de 600 estudiantes del CATCE el martes 29 de octubre en distintos puntos de la ciudad. Se trata de la [&hellip;]<\/p>\n","protected":false},"author":1,"featured_media":0,"parent":0,"menu_order":0,"comment_status":"closed","ping_status":"closed","template":"","meta":{"pmpro_default_level":"","footnotes":""},"class_list":["post-49874","page","type-page","status-publish","hentry","pmpro-has-access"],"_links":{"self":[{"href":"https:\/\/www.educatce.cl\/sva\/wp-json\/wp\/v2\/pages\/49874","targetHints":{"allow":["GET"]}}],"collection":[{"href":"https:\/\/www.educatce.cl\/sva\/wp-json\/wp\/v2\/pages"}],"about":[{"href":"https:\/\/www.educatce.cl\/sva\/wp-json\/wp\/v2\/types\/page"}],"author":[{"embeddable":true,"href":"https:\/\/www.educatce.cl\/sva\/wp-json\/wp\/v2\/users\/1"}],"replies":[{"embeddable":true,"href":"https:\/\/www.educatce.cl\/sva\/wp-json\/wp\/v2\/comments?post=49874"}],"version-history":[{"count":4,"href":"https:\/\/www.educatce.cl\/sva\/wp-json\/wp\/v2\/pages\/49874\/revisions"}],"predecessor-version":[{"id":49880,"href":"https:\/\/www.educatce.cl\/sva\/wp-json\/wp\/v2\/pages\/49874\/revisions\/49880"}],"wp:attachment":[{"href":"https:\/\/www.educatce.cl\/sva\/wp-json\/wp\/v2\/media?parent=49874"}],"curies":[{"name":"wp","href":"https:\/\/api.w.org\/{rel}","templated":true}]}}