{"id":4977,"date":"2018-05-21T05:54:48","date_gmt":"2018-05-21T05:54:48","guid":{"rendered":"http:\/\/lmsdemo.loc\/lms-white\/?page_id=7"},"modified":"2024-12-09T15:48:00","modified_gmt":"2024-12-09T15:48:00","slug":"home","status":"publish","type":"page","link":"https:\/\/www.educatce.cl\/sva\/","title":{"rendered":"Home"},"content":{"rendered":"\t\t<div data-elementor-type=\"wp-page\" data-elementor-id=\"4977\" class=\"elementor elementor-4977\">\n\t\t\t\t\t\t<section class=\"elementor-section elementor-top-section elementor-element elementor-element-60210b0 elementor-section-stretched elementor-section-boxed elementor-section-height-default elementor-section-height-default\" data-id=\"60210b0\" data-element_type=\"section\" data-settings=\"{&quot;background_background&quot;:&quot;classic&quot;,&quot;stretch_section&quot;:&quot;section-stretched&quot;}\">\n\t\t\t\t\t\t<div class=\"elementor-container elementor-column-gap-default\">\n\t\t\t\t\t<div class=\"elementor-column elementor-col-100 elementor-top-column elementor-element elementor-element-6021536\" data-id=\"6021536\" data-element_type=\"column\" data-settings=\"{&quot;background_background&quot;:&quot;classic&quot;}\">\n\t\t\t<div class=\"elementor-widget-wrap elementor-element-populated\">\n\t\t\t\t\t\t<div class=\"elementor-element elementor-element-6021892 elementor-widget elementor-widget-slider_revolution\" data-id=\"6021892\" data-element_type=\"widget\" data-widget_type=\"slider_revolution.default\">\n\t\t\t\t<div class=\"elementor-widget-container\">\n\t\t\t\n\t\t<div class=\"wp-block-themepunch-revslider\">\n\t\t\t<!-- START Main Slider REVOLUTION SLIDER 6.7.9 --><p class=\"rs-p-wp-fix\"><\/p>\n\t\t\t<rs-module-wrap id=\"rev_slider_1_1_wrapper\" data-source=\"gallery\" style=\"visibility:hidden;background:rgba(0,122,255,0.54);padding:0;margin:0px auto;margin-top:0;margin-bottom:0;\">\n\t\t\t\t<rs-module id=\"rev_slider_1_1\" style=\"\" data-version=\"6.7.9\">\n\t\t\t\t\t<rs-slides style=\"overflow: hidden; position: absolute;\">\n\t\t\t\t\t\t<rs-slide style=\"position: absolute;\" data-key=\"rs-1\" data-title=\"Slide\" data-in=\"o:0;\" data-out=\"a:false;\">\n\t\t\t\t\t\t\t<img fetchpriority=\"high\" decoding=\"async\" src=\"\/\/www.educatce.cl\/sva\/wp-content\/plugins\/revslider\/sr6\/assets\/assets\/dummy.png\" alt=\"\" title=\"slide_02\" width=\"1920\" height=\"794\" class=\"rev-slidebg tp-rs-img rs-lazyload\" data-lazyload=\"\/\/www.educatce.cl\/sva\/wp-content\/uploads\/2024\/12\/slide_02-1.png\" data-no-retina>\n<!--\n\t\t\t\t\t\t\t--><a\n\t\t\t\t\t\t\t\tid=\"slider-1-slide-1-layer-3\" \n\t\t\t\t\t\t\t\tclass=\"rs-layer rev-btn\"\n\t\t\t\t\t\t\t\thref=\"\/classic-lms\/courses\" target=\"_self\"\n\t\t\t\t\t\t\t\tdata-type=\"button\"\n\t\t\t\t\t\t\t\tdata-color=\"rgba(255,255,255,1)\"\n\t\t\t\t\t\t\t\tdata-xy=\"x:c;xo:56px,56px,0,35px;y:m;yo:199px,199px,-6px,-122px;\"\n\t\t\t\t\t\t\t\tdata-text=\"s:17;l:30;fw:700;a:inherit;\"\n\t\t\t\t\t\t\t\tdata-rsp_o=\"off\"\n\t\t\t\t\t\t\t\tdata-rsp_bd=\"off\"\n\t\t\t\t\t\t\t\tdata-padding=\"t:12;r:35;b:12;l:35;\"\n\t\t\t\t\t\t\t\tdata-border=\"bos:solid;boc:#ffffff;bow:2,2,2,2;bor:30px,30px,30px,30px;\"\n\t\t\t\t\t\t\t\tdata-frame_0=\"y:50px;\"\n\t\t\t\t\t\t\t\tdata-frame_1=\"st:2000;sp:760;sR:2000;\"\n\t\t\t\t\t\t\t\tdata-frame_999=\"o:0;st:w;sR:6240;\"\n\t\t\t\t\t\t\t\tdata-frame_hover=\"bgc:#307ad5;boc:#307ad5;bor:30px,30px,30px,30px;bos:solid;bow:2,2,2,2;oX:50;oY:50;e:power0.in;\"\n\t\t\t\t\t\t\t\tstyle=\"z-index:6;font-family:'Montserrat';cursor:pointer;outline:none;box-shadow:none;box-sizing:border-box;-moz-box-sizing:border-box;-webkit-box-sizing:border-box;\"\n\t\t\t\t\t\t\t>Conoce m\u00e1s \n\t\t\t\t\t\t\t<\/a><!--\n\n\t\t\t\t\t\t\t--><rs-layer\n\t\t\t\t\t\t\t\tid=\"slider-1-slide-1-layer-6\" \n\t\t\t\t\t\t\t\tdata-type=\"image\"\n\t\t\t\t\t\t\t\tdata-rsp_ch=\"on\"\n\t\t\t\t\t\t\t\tdata-xy=\"xo:534px,440px,334px,31px;yo:247px,203px,154px,339px;\"\n\t\t\t\t\t\t\t\tdata-text=\"w:normal;\"\n\t\t\t\t\t\t\t\tdata-dim=\"w:504px,416px,316px,430px;h:268px,221px,167px,229px;\"\n\t\t\t\t\t\t\t\tdata-frame_1=\"sp:1500;\"\n\t\t\t\t\t\t\t\tdata-frame_999=\"o:0;st:w;\"\n\t\t\t\t\t\t\t\tstyle=\"z-index:7;\"\n\t\t\t\t\t\t\t><img decoding=\"async\" src=\"\/\/www.educatce.cl\/sva\/wp-content\/plugins\/revslider\/sr6\/assets\/assets\/dummy.png\" alt=\"\" class=\"tp-rs-img rs-lazyload\" width=\"696\" height=\"370\" data-lazyload=\"\/\/www.educatce.cl\/sva\/wp-content\/uploads\/2024\/12\/SVA-Academy.png\" data-no-retina> \n\t\t\t\t\t\t\t<\/rs-layer><!--\n-->\t\t\t\t\t<\/rs-slide>\n\t\t\t\t\t\t<rs-slide style=\"position: absolute;\" data-key=\"rs-2\" data-title=\"Slide\" data-in=\"o:0;\" data-out=\"a:false;\">\n\t\t\t\t\t\t\t<img fetchpriority=\"high\" decoding=\"async\" src=\"\/\/www.educatce.cl\/sva\/wp-content\/plugins\/revslider\/sr6\/assets\/assets\/dummy.png\" alt=\"\" title=\"slide_02\" width=\"1920\" height=\"794\" class=\"rev-slidebg tp-rs-img rs-lazyload\" data-lazyload=\"\/\/www.educatce.cl\/sva\/wp-content\/uploads\/2024\/12\/slide_02-1.png\" data-no-retina>\n<!--\n\t\t\t\t\t\t\t--><a\n\t\t\t\t\t\t\t\tid=\"slider-1-slide-2-layer-3\" \n\t\t\t\t\t\t\t\tclass=\"rs-layer rev-btn\"\n\t\t\t\t\t\t\t\thref=\"\/classic-lms\/courses\" target=\"_self\"\n\t\t\t\t\t\t\t\tdata-type=\"button\"\n\t\t\t\t\t\t\t\tdata-color=\"rgba(255,255,255,1)\"\n\t\t\t\t\t\t\t\tdata-xy=\"x:c;xo:56px,56px,0,35px;y:m;yo:199px,199px,-6px,-122px;\"\n\t\t\t\t\t\t\t\tdata-text=\"s:17;l:30;fw:700;a:inherit;\"\n\t\t\t\t\t\t\t\tdata-rsp_o=\"off\"\n\t\t\t\t\t\t\t\tdata-rsp_bd=\"off\"\n\t\t\t\t\t\t\t\tdata-padding=\"t:12;r:35;b:12;l:35;\"\n\t\t\t\t\t\t\t\tdata-border=\"bos:solid;boc:#ffffff;bow:2,2,2,2;bor:30px,30px,30px,30px;\"\n\t\t\t\t\t\t\t\tdata-frame_0=\"y:50px;\"\n\t\t\t\t\t\t\t\tdata-frame_1=\"st:2000;sp:760;sR:2000;\"\n\t\t\t\t\t\t\t\tdata-frame_999=\"o:0;st:w;sR:6240;\"\n\t\t\t\t\t\t\t\tdata-frame_hover=\"bgc:#307ad5;boc:#307ad5;bor:30px,30px,30px,30px;bos:solid;bow:2,2,2,2;oX:50;oY:50;e:power0.in;\"\n\t\t\t\t\t\t\t\tstyle=\"z-index:6;font-family:'Montserrat';cursor:pointer;outline:none;box-shadow:none;box-sizing:border-box;-moz-box-sizing:border-box;-webkit-box-sizing:border-box;\"\n\t\t\t\t\t\t\t>Conoce m\u00e1s \n\t\t\t\t\t\t\t<\/a><!--\n\n\t\t\t\t\t\t\t--><rs-layer\n\t\t\t\t\t\t\t\tid=\"slider-1-slide-2-layer-6\" \n\t\t\t\t\t\t\t\tdata-type=\"image\"\n\t\t\t\t\t\t\t\tdata-rsp_ch=\"on\"\n\t\t\t\t\t\t\t\tdata-xy=\"xo:534px,440px,334px,31px;yo:247px,203px,154px,339px;\"\n\t\t\t\t\t\t\t\tdata-text=\"w:normal;\"\n\t\t\t\t\t\t\t\tdata-dim=\"w:504px,416px,316px,430px;h:268px,221px,167px,229px;\"\n\t\t\t\t\t\t\t\tdata-frame_1=\"sp:1500;\"\n\t\t\t\t\t\t\t\tdata-frame_999=\"o:0;st:w;\"\n\t\t\t\t\t\t\t\tstyle=\"z-index:7;\"\n\t\t\t\t\t\t\t><img decoding=\"async\" src=\"\/\/www.educatce.cl\/sva\/wp-content\/plugins\/revslider\/sr6\/assets\/assets\/dummy.png\" alt=\"\" class=\"tp-rs-img rs-lazyload\" width=\"696\" height=\"370\" data-lazyload=\"\/\/www.educatce.cl\/sva\/wp-content\/uploads\/2024\/12\/SVA-Academy.png\" data-no-retina> \n\t\t\t\t\t\t\t<\/rs-layer><!--\n-->\t\t\t\t\t<\/rs-slide>\n\t\t\t\t\t<\/rs-slides>\n\t\t\t\t<\/rs-module>\n\t\t\t\t<script>\n\t\t\t\t\tsetREVStartSize({c: 'rev_slider_1_1',rl:[1240,1024,778,480],el:[794,794,700,700],gw:[1240,1024,778,480],gh:[794,794,700,700],type:'standard',justify:'',layout:'fullwidth',mh:\"0\"});if (window.RS_MODULES!==undefined && window.RS_MODULES.modules!==undefined && window.RS_MODULES.modules[\"revslider11\"]!==undefined) {window.RS_MODULES.modules[\"revslider11\"].once = false;window.revapi1 = undefined;if (window.RS_MODULES.checkMinimal!==undefined) window.RS_MODULES.checkMinimal()}\n\t\t\t\t<\/script>\n\t\t\t<\/rs-module-wrap>\n\t\t\t<!-- END REVOLUTION SLIDER -->\n<\/div>\n\n\t\t\t\t<\/div>\n\t\t\t\t<\/div>\n\t\t\t\t\t<\/div>\n\t\t<\/div>\n\t\t\t\t\t<\/div>\n\t\t<\/section>\n\t\t<div class=\"elementor-element elementor-element-f25da4d e-con-full e-flex e-con e-parent\" data-id=\"f25da4d\" data-element_type=\"container\">\n\t\t<div class=\"elementor-element elementor-element-0f6abff e-con-full e-flex e-con e-child\" data-id=\"0f6abff\" data-element_type=\"container\">\n\t\t\t\t<div class=\"elementor-element elementor-element-497995b elementor-widget elementor-widget-stm_icon_box\" data-id=\"497995b\" data-element_type=\"widget\" data-widget_type=\"stm_icon_box.default\">\n\t\t\t\t<div class=\"elementor-widget-container\">\n\t\t\t<style type=\"text\/css\">.module__f0fee3bcc8b63f28a607b233a5fb7c46 {\n    background:#2A9D8F !important; color:#ffffff;\n}\n\n.module__f0fee3bcc8b63f28a607b233a5fb7c46 .icon {\n    height:100px;\n}\n.module__f0fee3bcc8b63f28a607b233a5fb7c46 .icon svg {\n\twidth: 73px;\n\theight: 73px;\n}\n.module__f0fee3bcc8b63f28a607b233a5fb7c46 .icon svg,\n.module__f0fee3bcc8b63f28a607b233a5fb7c46 .icon i {\n    font-size: 73px;\n    color: #ffffff !important;\n}\n.icon_alignment_top_left .module__f0fee3bcc8b63f28a607b233a5fb7c46 {\n    text-align: left;\n}\n.icon_alignment_top_center .module__f0fee3bcc8b63f28a607b233a5fb7c46 {\n    text-align: center;\n    margin-right: auto;\n    margin-left: auto;\n}\n.icon_alignment_top_right .module__f0fee3bcc8b63f28a607b233a5fb7c46 {\n    text-align: right;\n    margin-right: 0;\n    margin-left: auto;\n}\n<\/style>\n\t<a\t\n\t\thref=\"http:\/\/www.educatce.cl\" \n\t\ttitle=\"\"\n\t\t\t>\n\n\t<div class=\"icon_box masterstudy_elementor_icon_box  stm_icon_box_hover_top standart module__f0fee3bcc8b63f28a607b233a5fb7c46 box_align_center clearfix\">\n\t\t<div class=\"icon_alignment_top_left\">\n\t\t\t\n\t\t\t<div class=\"icon_text\">\n\t\t\t\t\t\t\t\t\t<h3 style=\"color:#ffffff\">\n\t\t\t\t\t\tViajes misioneros\t\t\t\t\t<\/h3>\n\t\t\t\t\t\t\t\t<p><p><span style=\"color: #ffffff;\">Conoce las actividades y prop\u00f3sitos del SVA Teen Academy<\/span><\/p><p><span style=\"color: #ffffff;\"><a style=\"color: #ffffff;\" href=\"https:\/\/www.educatce.cl\/sva\/viaje-misionero\/\"><strong>Ir &gt;&gt;<\/strong><\/a><\/span><\/p><\/p>\t\t\t<\/div>\n\t\t<\/div> <!-- align icons -->\n\t<\/div>\n\n\t<\/a>\n\t\t<\/div>\n\t\t\t\t<\/div>\n\t\t\t\t<\/div>\n\t\t<div class=\"elementor-element elementor-element-fc7fec0 e-con-full e-flex e-con e-child\" data-id=\"fc7fec0\" data-element_type=\"container\">\n\t\t\t\t<div class=\"elementor-element elementor-element-1646814 elementor-widget elementor-widget-stm_icon_box\" data-id=\"1646814\" data-element_type=\"widget\" data-widget_type=\"stm_icon_box.default\">\n\t\t\t\t<div class=\"elementor-widget-container\">\n\t\t\t<style type=\"text\/css\">.module__70f2a40bd7e02846f3ae621f990a7aac {\n    background:#7237C5 !important; color:#ffffff;\n}\n\n.module__70f2a40bd7e02846f3ae621f990a7aac .icon {\n    height:100px;\n}\n.module__70f2a40bd7e02846f3ae621f990a7aac .icon svg {\n\twidth: 73px;\n\theight: 73px;\n}\n.module__70f2a40bd7e02846f3ae621f990a7aac .icon svg,\n.module__70f2a40bd7e02846f3ae621f990a7aac .icon i {\n    font-size: 73px;\n    color: #ffffff !important;\n}\n.icon_alignment_top_left .module__70f2a40bd7e02846f3ae621f990a7aac {\n    text-align: left;\n}\n.icon_alignment_top_center .module__70f2a40bd7e02846f3ae621f990a7aac {\n    text-align: center;\n    margin-right: auto;\n    margin-left: auto;\n}\n.icon_alignment_top_right .module__70f2a40bd7e02846f3ae621f990a7aac {\n    text-align: right;\n    margin-right: 0;\n    margin-left: auto;\n}\n<\/style>\n\t<a\t\n\t\thref=\"http:\/\/www.educatce.cl\" \n\t\ttitle=\"\"\n\t\t\t>\n\n\t<div class=\"icon_box masterstudy_elementor_icon_box  stm_icon_box_hover_top standart module__70f2a40bd7e02846f3ae621f990a7aac box_align_center clearfix\">\n\t\t<div class=\"icon_alignment_top_left\">\n\t\t\t\n\t\t\t<div class=\"icon_text\">\n\t\t\t\t\t\t\t\t\t<h3 style=\"color:#ffffff\">\n\t\t\t\t\t\tPersonal en acci\u00f3n\t\t\t\t\t<\/h3>\n\t\t\t\t\t\t\t\t<p><p>Conoce las actividades y prop\u00f3sitos del SVA Teen Academy<\/p><p><strong>Ir &gt;&gt;<\/strong><\/p><\/p>\t\t\t<\/div>\n\t\t<\/div> <!-- align icons -->\n\t<\/div>\n\n\t<\/a>\n\t\t<\/div>\n\t\t\t\t<\/div>\n\t\t\t\t<\/div>\n\t\t<div class=\"elementor-element elementor-element-ee73943 e-con-full e-flex e-con e-child\" data-id=\"ee73943\" data-element_type=\"container\">\n\t\t\t\t<div class=\"elementor-element elementor-element-3c7a6a6 elementor-widget elementor-widget-stm_icon_box\" data-id=\"3c7a6a6\" data-element_type=\"widget\" data-widget_type=\"stm_icon_box.default\">\n\t\t\t\t<div class=\"elementor-widget-container\">\n\t\t\t<style type=\"text\/css\">.module__02e84fcfbbae81e5a658afa7e79b0239 {\n    background:#2D85DE !important; color:#ffffff;\n}\n\n.module__02e84fcfbbae81e5a658afa7e79b0239 .icon {\n    height:100px;\n}\n.module__02e84fcfbbae81e5a658afa7e79b0239 .icon svg {\n\twidth: 73px;\n\theight: 73px;\n}\n.module__02e84fcfbbae81e5a658afa7e79b0239 .icon svg,\n.module__02e84fcfbbae81e5a658afa7e79b0239 .icon i {\n    font-size: 73px;\n    color: #ffffff !important;\n}\n.icon_alignment_top_left .module__02e84fcfbbae81e5a658afa7e79b0239 {\n    text-align: left;\n}\n.icon_alignment_top_center .module__02e84fcfbbae81e5a658afa7e79b0239 {\n    text-align: center;\n    margin-right: auto;\n    margin-left: auto;\n}\n.icon_alignment_top_right .module__02e84fcfbbae81e5a658afa7e79b0239 {\n    text-align: right;\n    margin-right: 0;\n    margin-left: auto;\n}\n<\/style>\n\t<a\t\n\t\thref=\"http:\/\/www.educatce.cl\" \n\t\ttitle=\"\"\n\t\t\t>\n\n\t<div class=\"icon_box masterstudy_elementor_icon_box  stm_icon_box_hover_top standart module__02e84fcfbbae81e5a658afa7e79b0239 box_align_center clearfix\">\n\t\t<div class=\"icon_alignment_top_left\">\n\t\t\t\n\t\t\t<div class=\"icon_text\">\n\t\t\t\t\t\t\t\t\t<h3 style=\"color:#ffffff\">\n\t\t\t\t\t\tFondos recaudados\t\t\t\t\t<\/h3>\n\t\t\t\t\t\t\t\t<p><p>Conoce las actividades y prop\u00f3sitos del SVA Teen Academy<\/p><p><strong>Ir &gt;&gt;<\/strong><\/p><\/p>\t\t\t<\/div>\n\t\t<\/div> <!-- align icons -->\n\t<\/div>\n\n\t<\/a>\n\t\t<\/div>\n\t\t\t\t<\/div>\n\t\t\t\t<\/div>\n\t\t<div class=\"elementor-element elementor-element-88b2b53 e-con-full e-flex e-con e-child\" data-id=\"88b2b53\" data-element_type=\"container\">\n\t\t\t\t<div class=\"elementor-element elementor-element-baf84f8 elementor-widget elementor-widget-stm_icon_box\" data-id=\"baf84f8\" data-element_type=\"widget\" data-widget_type=\"stm_icon_box.default\">\n\t\t\t\t<div class=\"elementor-widget-container\">\n\t\t\t<style type=\"text\/css\">.module__6f3d4d756668da2eadd2005cb64cb073 {\n    background:#F1DC1B !important; color:#FFFFFF;\n}\n\n.module__6f3d4d756668da2eadd2005cb64cb073 .icon {\n    height:100px; background-color: #54595F;\n}\n.module__6f3d4d756668da2eadd2005cb64cb073 .icon svg {\n\twidth: 73px;\n\theight: 73px;\n}\n.module__6f3d4d756668da2eadd2005cb64cb073 .icon svg,\n.module__6f3d4d756668da2eadd2005cb64cb073 .icon i {\n    font-size: 73px;\n    color: #ffffff !important;\n}\n.icon_alignment_top_left .module__6f3d4d756668da2eadd2005cb64cb073 {\n    text-align: left;\n}\n.icon_alignment_top_center .module__6f3d4d756668da2eadd2005cb64cb073 {\n    text-align: center;\n    margin-right: auto;\n    margin-left: auto;\n}\n.icon_alignment_top_right .module__6f3d4d756668da2eadd2005cb64cb073 {\n    text-align: right;\n    margin-right: 0;\n    margin-left: auto;\n}\n<\/style>\n\t<a\t\n\t\thref=\"http:\/\/www.educatce.cl\" \n\t\ttitle=\"\"\n\t\t\t>\n\n\t<div class=\"icon_box masterstudy_elementor_icon_box  stm_icon_box_hover_top standart module__6f3d4d756668da2eadd2005cb64cb073 box_align_center clearfix\">\n\t\t<div class=\"icon_alignment_top_left\">\n\t\t\t\n\t\t\t<div class=\"icon_text\">\n\t\t\t\t\t\t\t\t\t<h3 style=\"color:#FFFFFF\">\n\t\t\t\t\t\tInforme a\u00f1o 2024\t\t\t\t\t<\/h3>\n\t\t\t\t\t\t\t\t<p><p>Conoce informe de las actividades del a\u00f1o 2024<\/p><p><a href=\"https:\/\/www.educatce.cl\/sva\/3d-flip-book\/49886\/\"><strong>Ir &gt;&gt;<\/strong><\/a><\/p><\/p>\t\t\t<\/div>\n\t\t<\/div> <!-- align icons -->\n\t<\/div>\n\n\t<\/a>\n\t\t<\/div>\n\t\t\t\t<\/div>\n\t\t\t\t<\/div>\n\t\t\t\t<\/div>\n\t\t\t\t<section class=\"elementor-section elementor-top-section elementor-element elementor-element-6027499 sbc elementor-section-stretched elementor-section-boxed elementor-section-height-default elementor-section-height-default\" data-id=\"6027499\" data-element_type=\"section\" data-settings=\"{&quot;background_background&quot;:&quot;classic&quot;,&quot;stretch_section&quot;:&quot;section-stretched&quot;}\">\n\t\t\t\t\t\t<div class=\"elementor-container elementor-column-gap-default\">\n\t\t\t\t\t<div class=\"elementor-column elementor-col-100 elementor-top-column elementor-element elementor-element-60278d5\" data-id=\"60278d5\" data-element_type=\"column\">\n\t\t\t<div class=\"elementor-widget-wrap elementor-element-populated\">\n\t\t\t\t\t\t<div class=\"elementor-element elementor-element-3d54dfa elementor-widget elementor-widget-heading\" data-id=\"3d54dfa\" data-element_type=\"widget\" data-widget_type=\"heading.default\">\n\t\t\t\t<div class=\"elementor-widget-container\">\n\t\t\t<h2 class=\"elementor-heading-title elementor-size-default\">Ve fotograf\u00edas<\/h2>\t\t<\/div>\n\t\t\t\t<\/div>\n\t\t\t\t\t<\/div>\n\t\t<\/div>\n\t\t\t\t<div class=\"elementor-column elementor-col-100 elementor-top-column elementor-element elementor-element-6028279\" data-id=\"6028279\" data-element_type=\"column\">\n\t\t\t<div class=\"elementor-widget-wrap elementor-element-populated\">\n\t\t\t\t\t\t<div class=\"elementor-element elementor-element-1222841 elementor-button-success elementor-widget__width-initial elementor-widget elementor-widget-button\" data-id=\"1222841\" data-element_type=\"widget\" data-widget_type=\"button.default\">\n\t\t\t\t<div class=\"elementor-widget-container\">\n\t\t\t\t\t\t\t<div class=\"elementor-button-wrapper icon_align_  \">\n\t\t\t\t\t<a class=\"elementor-button elementor-button-link elementor-size-sm\" href=\"https:\/\/flickr.com\/photos\/201044006@N06\/albums\/\">\n\t\t\t\t\t\t<span class=\"elementor-button-content-wrapper\">\n\t\t\t\t\t\t\t\t\t<span class=\"elementor-button-text\">Ingresa aqu\u00ed <\/span>\n\t\t\t\t\t<\/span>\n\t\t\t\t\t<\/a>\n\t\t\t\t<\/div>\n\t\t\t\t\t\t<\/div>\n\t\t\t\t<\/div>\n\t\t\t\t\t<\/div>\n\t\t<\/div>\n\t\t\t\t\t<\/div>\n\t\t<\/section>\n\t\t\t\t<section class=\"elementor-section elementor-top-section elementor-element elementor-element-f401ea8 sbc elementor-section-stretched elementor-section-boxed elementor-section-height-default elementor-section-height-default\" data-id=\"f401ea8\" data-element_type=\"section\" data-settings=\"{&quot;background_background&quot;:&quot;classic&quot;,&quot;stretch_section&quot;:&quot;section-stretched&quot;}\">\n\t\t\t\t\t\t<div class=\"elementor-container elementor-column-gap-default\">\n\t\t\t\t\t<div class=\"elementor-column elementor-col-100 elementor-top-column elementor-element elementor-element-307c860\" data-id=\"307c860\" data-element_type=\"column\">\n\t\t\t<div class=\"elementor-widget-wrap elementor-element-populated\">\n\t\t\t\t\t\t<div class=\"elementor-element elementor-element-f2c5966 elementor-widget elementor-widget-video\" data-id=\"f2c5966\" data-element_type=\"widget\" data-settings=\"{&quot;youtube_url&quot;:&quot;https:\\\/\\\/www.youtube.com\\\/watch?v=iVNp4D1PhJI&quot;,&quot;video_type&quot;:&quot;youtube&quot;,&quot;controls&quot;:&quot;yes&quot;}\" data-widget_type=\"video.default\">\n\t\t\t\t<div class=\"elementor-widget-container\">\n\t\t\t\t\t<div class=\"elementor-wrapper elementor-open-inline\">\n\t\t\t<div class=\"elementor-video\"><\/div>\t\t<\/div>\n\t\t\t\t<\/div>\n\t\t\t\t<\/div>\n\t\t\t\t\t<\/div>\n\t\t<\/div>\n\t\t\t\t<div class=\"elementor-column elementor-col-100 elementor-top-column elementor-element elementor-element-4ce4b91\" data-id=\"4ce4b91\" data-element_type=\"column\">\n\t\t\t<div class=\"elementor-widget-wrap elementor-element-populated\">\n\t\t\t\t\t\t<div class=\"elementor-element elementor-element-38202b0 elementor-widget__width-initial elementor-widget elementor-widget-text-editor\" data-id=\"38202b0\" data-element_type=\"widget\" data-widget_type=\"text-editor.default\">\n\t\t\t\t<div class=\"elementor-widget-container\">\n\t\t\t\t\t\t\t<h3><span style=\"color: #ccffcc;\">CATCE en Misi\u00f3n<\/span><\/h3>\n<p>Donaci\u00f3n de sangre, limpieza de espacios p\u00fablicos, recolecci\u00f3n de alimentos, \u201ccomparte tu pan\u201d en hospital, atenci\u00f3n en m\u00f3dulos de salud y entrega de literatura cristiana, fueron algunas de las 18 actividades que realizaron m\u00e1s de 600 estudiantes del CATCE el martes 29 de octubre en distintos puntos de la ciudad.<\/p>\n<p>Se trata de la materializaci\u00f3n del programa CATCE en Misi\u00f3n, ejecutada por los estudiantes desde Pre B\u00e1sica hasta Ense\u00f1anza Media.<\/p>\n<p><span style=\"color: #ccffcc;\"><strong><a style=\"color: #ccffcc;\" href=\"https:\/\/www.educatce.cl\/04\/catce-en-mision-logro18-intervenciones-urbanas-en-un-solo-dia\/\">Lee m\u00e1s &gt;&gt;<\/a><\/strong><\/span><\/p>\n\t\t\t\t\t\t<\/div>\n\t\t\t\t<\/div>\n\t\t\t\t\t<\/div>\n\t\t<\/div>\n\t\t\t\t\t<\/div>\n\t\t<\/section>\n\t\t\t\t<\/div>\n\t\t","protected":false},"excerpt":{"rendered":"<p>Viajes misioneros Conoce las actividades y prop\u00f3sitos del SVA Teen Academy Ir &gt;&gt; Personal en acci\u00f3n Conoce las actividades y prop\u00f3sitos del SVA Teen Academy Ir &gt;&gt; Fondos recaudados Conoce las actividades y prop\u00f3sitos del SVA Teen Academy Ir &gt;&gt; Informe a\u00f1o 2024 Conoce informe de las actividades del a\u00f1o 2024 Ir &gt;&gt; Ve fotograf\u00edas [&hellip;]<\/p>\n","protected":false},"author":1,"featured_media":0,"parent":0,"menu_order":0,"comment_status":"closed","ping_status":"closed","template":"","meta":{"pmpro_default_level":"","footnotes":""},"class_list":["post-4977","page","type-page","status-publish","hentry","pmpro-has-access"],"_links":{"self":[{"href":"https:\/\/www.educatce.cl\/sva\/wp-json\/wp\/v2\/pages\/4977","targetHints":{"allow":["GET"]}}],"collection":[{"href":"https:\/\/www.educatce.cl\/sva\/wp-json\/wp\/v2\/pages"}],"about":[{"href":"https:\/\/www.educatce.cl\/sva\/wp-json\/wp\/v2\/types\/page"}],"author":[{"embeddable":true,"href":"https:\/\/www.educatce.cl\/sva\/wp-json\/wp\/v2\/users\/1"}],"replies":[{"embeddable":true,"href":"https:\/\/www.educatce.cl\/sva\/wp-json\/wp\/v2\/comments?post=4977"}],"version-history":[{"count":121,"href":"https:\/\/www.educatce.cl\/sva\/wp-json\/wp\/v2\/pages\/4977\/revisions"}],"predecessor-version":[{"id":50141,"href":"https:\/\/www.educatce.cl\/sva\/wp-json\/wp\/v2\/pages\/4977\/revisions\/50141"}],"wp:attachment":[{"href":"https:\/\/www.educatce.cl\/sva\/wp-json\/wp\/v2\/media?parent=4977"}],"curies":[{"name":"wp","href":"https:\/\/api.w.org\/{rel}","templated":true}]}}