{"id":901,"date":"2024-07-12T04:17:42","date_gmt":"2024-07-12T04:17:42","guid":{"rendered":"https:\/\/www.educatce.cl\/cyt2024\/?page_id=901"},"modified":"2024-07-12T06:38:57","modified_gmt":"2024-07-12T06:38:57","slug":"conoce-la-sede","status":"publish","type":"page","link":"https:\/\/www.educatce.cl\/cyt2024\/conoce-la-sede\/","title":{"rendered":"Conoce la sede"},"content":{"rendered":"\t\t<div data-elementor-type=\"wp-page\" data-elementor-id=\"901\" class=\"elementor elementor-901\">\n\t\t\t\t<div class=\"elementor-element elementor-element-5206c28 e-grid e-con-boxed e-con e-parent\" data-id=\"5206c28\" data-element_type=\"container\" data-settings=\"{&quot;jet_parallax_layout_list&quot;:[]}\">\n\t\t\t\t\t<div class=\"e-con-inner\">\n\t\t\t\t<div class=\"elementor-element elementor-element-071854b elementor-widget elementor-widget-heading\" data-id=\"071854b\" data-element_type=\"widget\" data-widget_type=\"heading.default\">\n\t\t\t\t<div class=\"elementor-widget-container\">\n\t\t\t<style>\/*! elementor - v3.22.0 - 26-06-2024 *\/\n.elementor-heading-title{padding:0;margin:0;line-height:1}.elementor-widget-heading .elementor-heading-title[class*=elementor-size-]>a{color:inherit;font-size:inherit;line-height:inherit}.elementor-widget-heading .elementor-heading-title.elementor-size-small{font-size:15px}.elementor-widget-heading .elementor-heading-title.elementor-size-medium{font-size:19px}.elementor-widget-heading .elementor-heading-title.elementor-size-large{font-size:29px}.elementor-widget-heading .elementor-heading-title.elementor-size-xl{font-size:39px}.elementor-widget-heading .elementor-heading-title.elementor-size-xxl{font-size:59px}<\/style><h2 class=\"elementor-heading-title elementor-size-default\">Establecimiento anfitri\u00f3n<\/h2>\t\t<\/div>\n\t\t\t\t<\/div>\n\t\t\t\t\t<\/div>\n\t\t\t\t<\/div>\n\t\t<div class=\"elementor-element elementor-element-9a7af6f e-grid e-con-boxed e-con e-parent\" data-id=\"9a7af6f\" data-element_type=\"container\" data-settings=\"{&quot;jet_parallax_layout_list&quot;:[]}\">\n\t\t\t\t\t<div class=\"e-con-inner\">\n\t\t\t\t<div class=\"elementor-element elementor-element-250276d elementor-widget elementor-widget-text-editor\" data-id=\"250276d\" data-element_type=\"widget\" data-widget_type=\"text-editor.default\">\n\t\t\t\t<div class=\"elementor-widget-container\">\n\t\t\t<style>\/*! elementor - v3.22.0 - 26-06-2024 *\/\n.elementor-widget-text-editor.elementor-drop-cap-view-stacked .elementor-drop-cap{background-color:#69727d;color:#fff}.elementor-widget-text-editor.elementor-drop-cap-view-framed .elementor-drop-cap{color:#69727d;border:3px solid;background-color:transparent}.elementor-widget-text-editor:not(.elementor-drop-cap-view-default) .elementor-drop-cap{margin-top:8px}.elementor-widget-text-editor:not(.elementor-drop-cap-view-default) .elementor-drop-cap-letter{width:1em;height:1em}.elementor-widget-text-editor .elementor-drop-cap{float:left;text-align:center;line-height:1;font-size:50px}.elementor-widget-text-editor .elementor-drop-cap-letter{display:inline-block}<\/style>\t\t\t\t<p>El Colegio Adventista de Talcahuano Centro (CATCe), fundado en el a\u00f1o 1960, se encuentra situado en la ciudad portuaria hom\u00f3nima, en la regi\u00f3n del Biob\u00edo; conocida por su importancia industrial y comercial.<\/p><p><span style=\"text-align: var(--text-align);\">Como parte de la red global de colegios adventistas, el CATCe se distingue por su firme compromiso con una educaci\u00f3n basada en valores b\u00edblico-cristianos. Dirigido por la Iglesia Adventista del S\u00e9ptimo D\u00eda, el colegio se dedica a la formaci\u00f3n integral de sus estudiantes, abarcando aspectos acad\u00e9micos, espirituales, f\u00edsicos y sociales. Centrando su foco en el desarrollo del car\u00e1cter, como el fortalecimiento de la fe.<\/span><\/p>\n<p><\/p>\n<p>El Colegio Adventista de Talcahuano Centro ofrece una educaci\u00f3n continua desde preescolar hasta educaci\u00f3n media. Este enfoque integral permite a los estudiantes avanzar a trav\u00e9s de sus etapas educativas dentro de un entorno familiar y cohesionado, garantizando una continuidad y estabilidad en su proceso de aprendizaje.<\/p>\t\t\t\t\t\t<\/div>\n\t\t\t\t<\/div>\n\t\t\t\t\t<\/div>\n\t\t\t\t<\/div>\n\t\t<div class=\"elementor-element elementor-element-a56d542 e-grid e-con-boxed e-con e-parent\" data-id=\"a56d542\" data-element_type=\"container\" data-settings=\"{&quot;jet_parallax_layout_list&quot;:[]}\">\n\t\t\t\t\t<div class=\"e-con-inner\">\n\t\t\t\t<div class=\"elementor-element elementor-element-63f56f7 gallery-spacing-custom elementor-widget elementor-widget-image-gallery\" data-id=\"63f56f7\" data-element_type=\"widget\" data-widget_type=\"image-gallery.default\">\n\t\t\t\t<div class=\"elementor-widget-container\">\n\t\t\t<style>\/*! elementor - v3.22.0 - 26-06-2024 *\/\n.elementor-image-gallery .gallery-item{display:inline-block;text-align:center;vertical-align:top;width:100%;max-width:100%;margin:0 auto}.elementor-image-gallery .gallery-item img{margin:0 auto}.elementor-image-gallery .gallery-item .gallery-caption{margin:0}.elementor-image-gallery figure img{display:block}.elementor-image-gallery figure figcaption{width:100%}.gallery-spacing-custom .elementor-image-gallery .gallery-icon{padding:0}@media (min-width:768px){.elementor-image-gallery .gallery-columns-2 .gallery-item{max-width:50%}.elementor-image-gallery .gallery-columns-3 .gallery-item{max-width:33.33%}.elementor-image-gallery .gallery-columns-4 .gallery-item{max-width:25%}.elementor-image-gallery .gallery-columns-5 .gallery-item{max-width:20%}.elementor-image-gallery .gallery-columns-6 .gallery-item{max-width:16.666%}.elementor-image-gallery .gallery-columns-7 .gallery-item{max-width:14.28%}.elementor-image-gallery .gallery-columns-8 .gallery-item{max-width:12.5%}.elementor-image-gallery .gallery-columns-9 .gallery-item{max-width:11.11%}.elementor-image-gallery .gallery-columns-10 .gallery-item{max-width:10%}}@media (min-width:480px) and (max-width:767px){.elementor-image-gallery .gallery.gallery-columns-2 .gallery-item,.elementor-image-gallery .gallery.gallery-columns-3 .gallery-item,.elementor-image-gallery .gallery.gallery-columns-4 .gallery-item,.elementor-image-gallery .gallery.gallery-columns-5 .gallery-item,.elementor-image-gallery .gallery.gallery-columns-6 .gallery-item,.elementor-image-gallery .gallery.gallery-columns-7 .gallery-item,.elementor-image-gallery .gallery.gallery-columns-8 .gallery-item,.elementor-image-gallery .gallery.gallery-columns-9 .gallery-item,.elementor-image-gallery .gallery.gallery-columns-10 .gallery-item{max-width:50%}}@media (max-width:479px){.elementor-image-gallery .gallery.gallery-columns-2 .gallery-item,.elementor-image-gallery .gallery.gallery-columns-3 .gallery-item,.elementor-image-gallery .gallery.gallery-columns-4 .gallery-item,.elementor-image-gallery .gallery.gallery-columns-5 .gallery-item,.elementor-image-gallery .gallery.gallery-columns-6 .gallery-item,.elementor-image-gallery .gallery.gallery-columns-7 .gallery-item,.elementor-image-gallery .gallery.gallery-columns-8 .gallery-item,.elementor-image-gallery .gallery.gallery-columns-9 .gallery-item,.elementor-image-gallery .gallery.gallery-columns-10 .gallery-item{max-width:100%}}<\/style>\t\t<div class=\"elementor-image-gallery\">\n\t\t\t<div id='gallery-1' class='gallery galleryid-901 gallery-columns-3 gallery-size-thumbnail'><figure class='gallery-item'>\n\t\t\t<div class='gallery-icon landscape'>\n\t\t\t\t<a data-elementor-open-lightbox=\"yes\" data-elementor-lightbox-slideshow=\"63f56f7\" data-elementor-lightbox-title=\"001\" data-e-action-hash=\"#elementor-action%3Aaction%3Dlightbox%26settings%3DeyJpZCI6OTAzLCJ1cmwiOiJodHRwczpcL1wvd3d3LmVkdWNhdGNlLmNsXC9jeXQyMDI0XC93cC1jb250ZW50XC91cGxvYWRzXC8yMDI0XC8wN1wvMDAxLnBuZyIsInNsaWRlc2hvdyI6IjYzZjU2ZjcifQ%3D%3D\" href='https:\/\/www.educatce.cl\/cyt2024\/wp-content\/uploads\/2024\/07\/001.png'><img decoding=\"async\" width=\"150\" height=\"150\" src=\"https:\/\/www.educatce.cl\/cyt2024\/wp-content\/uploads\/2024\/07\/001-150x150.png\" class=\"attachment-thumbnail size-thumbnail\" alt=\"\" srcset=\"https:\/\/www.educatce.cl\/cyt2024\/wp-content\/uploads\/2024\/07\/001-150x150.png 150w, https:\/\/www.educatce.cl\/cyt2024\/wp-content\/uploads\/2024\/07\/001-500x500.png 500w\" sizes=\"(max-width: 150px) 100vw, 150px\" \/><\/a>\n\t\t\t<\/div><\/figure><figure class='gallery-item'>\n\t\t\t<div class='gallery-icon landscape'>\n\t\t\t\t<a data-elementor-open-lightbox=\"yes\" data-elementor-lightbox-slideshow=\"63f56f7\" data-elementor-lightbox-title=\"002\" data-e-action-hash=\"#elementor-action%3Aaction%3Dlightbox%26settings%3DeyJpZCI6OTA0LCJ1cmwiOiJodHRwczpcL1wvd3d3LmVkdWNhdGNlLmNsXC9jeXQyMDI0XC93cC1jb250ZW50XC91cGxvYWRzXC8yMDI0XC8wN1wvMDAyLnBuZyIsInNsaWRlc2hvdyI6IjYzZjU2ZjcifQ%3D%3D\" href='https:\/\/www.educatce.cl\/cyt2024\/wp-content\/uploads\/2024\/07\/002.png'><img decoding=\"async\" width=\"150\" height=\"150\" src=\"https:\/\/www.educatce.cl\/cyt2024\/wp-content\/uploads\/2024\/07\/002-150x150.png\" class=\"attachment-thumbnail size-thumbnail\" alt=\"\" srcset=\"https:\/\/www.educatce.cl\/cyt2024\/wp-content\/uploads\/2024\/07\/002-150x150.png 150w, https:\/\/www.educatce.cl\/cyt2024\/wp-content\/uploads\/2024\/07\/002-500x500.png 500w\" sizes=\"(max-width: 150px) 100vw, 150px\" \/><\/a>\n\t\t\t<\/div><\/figure><figure class='gallery-item'>\n\t\t\t<div class='gallery-icon landscape'>\n\t\t\t\t<a data-elementor-open-lightbox=\"yes\" data-elementor-lightbox-slideshow=\"63f56f7\" data-elementor-lightbox-title=\"003\" data-e-action-hash=\"#elementor-action%3Aaction%3Dlightbox%26settings%3DeyJpZCI6OTA1LCJ1cmwiOiJodHRwczpcL1wvd3d3LmVkdWNhdGNlLmNsXC9jeXQyMDI0XC93cC1jb250ZW50XC91cGxvYWRzXC8yMDI0XC8wN1wvMDAzLnBuZyIsInNsaWRlc2hvdyI6IjYzZjU2ZjcifQ%3D%3D\" href='https:\/\/www.educatce.cl\/cyt2024\/wp-content\/uploads\/2024\/07\/003.png'><img decoding=\"async\" width=\"150\" height=\"150\" src=\"https:\/\/www.educatce.cl\/cyt2024\/wp-content\/uploads\/2024\/07\/003-150x150.png\" class=\"attachment-thumbnail size-thumbnail\" alt=\"\" srcset=\"https:\/\/www.educatce.cl\/cyt2024\/wp-content\/uploads\/2024\/07\/003-150x150.png 150w, https:\/\/www.educatce.cl\/cyt2024\/wp-content\/uploads\/2024\/07\/003-500x500.png 500w\" sizes=\"(max-width: 150px) 100vw, 150px\" \/><\/a>\n\t\t\t<\/div><\/figure><figure class='gallery-item'>\n\t\t\t<div class='gallery-icon landscape'>\n\t\t\t\t<a data-elementor-open-lightbox=\"yes\" data-elementor-lightbox-slideshow=\"63f56f7\" data-elementor-lightbox-title=\"004\" data-e-action-hash=\"#elementor-action%3Aaction%3Dlightbox%26settings%3DeyJpZCI6OTA2LCJ1cmwiOiJodHRwczpcL1wvd3d3LmVkdWNhdGNlLmNsXC9jeXQyMDI0XC93cC1jb250ZW50XC91cGxvYWRzXC8yMDI0XC8wN1wvMDA0LnBuZyIsInNsaWRlc2hvdyI6IjYzZjU2ZjcifQ%3D%3D\" href='https:\/\/www.educatce.cl\/cyt2024\/wp-content\/uploads\/2024\/07\/004.png'><img loading=\"lazy\" decoding=\"async\" width=\"150\" height=\"150\" src=\"https:\/\/www.educatce.cl\/cyt2024\/wp-content\/uploads\/2024\/07\/004-150x150.png\" class=\"attachment-thumbnail size-thumbnail\" alt=\"\" srcset=\"https:\/\/www.educatce.cl\/cyt2024\/wp-content\/uploads\/2024\/07\/004-150x150.png 150w, https:\/\/www.educatce.cl\/cyt2024\/wp-content\/uploads\/2024\/07\/004-500x500.png 500w\" sizes=\"(max-width: 150px) 100vw, 150px\" \/><\/a>\n\t\t\t<\/div><\/figure><figure class='gallery-item'>\n\t\t\t<div class='gallery-icon landscape'>\n\t\t\t\t<a data-elementor-open-lightbox=\"yes\" data-elementor-lightbox-slideshow=\"63f56f7\" data-elementor-lightbox-title=\"005\" data-e-action-hash=\"#elementor-action%3Aaction%3Dlightbox%26settings%3DeyJpZCI6OTA3LCJ1cmwiOiJodHRwczpcL1wvd3d3LmVkdWNhdGNlLmNsXC9jeXQyMDI0XC93cC1jb250ZW50XC91cGxvYWRzXC8yMDI0XC8wN1wvMDA1LnBuZyIsInNsaWRlc2hvdyI6IjYzZjU2ZjcifQ%3D%3D\" href='https:\/\/www.educatce.cl\/cyt2024\/wp-content\/uploads\/2024\/07\/005.png'><img loading=\"lazy\" decoding=\"async\" width=\"150\" height=\"150\" src=\"https:\/\/www.educatce.cl\/cyt2024\/wp-content\/uploads\/2024\/07\/005-150x150.png\" class=\"attachment-thumbnail size-thumbnail\" alt=\"\" srcset=\"https:\/\/www.educatce.cl\/cyt2024\/wp-content\/uploads\/2024\/07\/005-150x150.png 150w, https:\/\/www.educatce.cl\/cyt2024\/wp-content\/uploads\/2024\/07\/005-500x500.png 500w\" sizes=\"(max-width: 150px) 100vw, 150px\" \/><\/a>\n\t\t\t<\/div><\/figure><figure class='gallery-item'>\n\t\t\t<div class='gallery-icon landscape'>\n\t\t\t\t<a data-elementor-open-lightbox=\"yes\" data-elementor-lightbox-slideshow=\"63f56f7\" data-elementor-lightbox-title=\"006\" data-e-action-hash=\"#elementor-action%3Aaction%3Dlightbox%26settings%3DeyJpZCI6OTA4LCJ1cmwiOiJodHRwczpcL1wvd3d3LmVkdWNhdGNlLmNsXC9jeXQyMDI0XC93cC1jb250ZW50XC91cGxvYWRzXC8yMDI0XC8wN1wvMDA2LnBuZyIsInNsaWRlc2hvdyI6IjYzZjU2ZjcifQ%3D%3D\" href='https:\/\/www.educatce.cl\/cyt2024\/wp-content\/uploads\/2024\/07\/006.png'><img loading=\"lazy\" decoding=\"async\" width=\"150\" height=\"150\" src=\"https:\/\/www.educatce.cl\/cyt2024\/wp-content\/uploads\/2024\/07\/006-150x150.png\" class=\"attachment-thumbnail size-thumbnail\" alt=\"\" srcset=\"https:\/\/www.educatce.cl\/cyt2024\/wp-content\/uploads\/2024\/07\/006-150x150.png 150w, https:\/\/www.educatce.cl\/cyt2024\/wp-content\/uploads\/2024\/07\/006-500x500.png 500w\" sizes=\"(max-width: 150px) 100vw, 150px\" \/><\/a>\n\t\t\t<\/div><\/figure>\n\t\t<\/div>\n\t\t<\/div>\n\t\t\t\t<\/div>\n\t\t\t\t<\/div>\n\t\t\t\t\t<\/div>\n\t\t\t\t<\/div>\n\t\t\t\t<\/div>\n\t\t","protected":false},"excerpt":{"rendered":"<p>Establecimiento anfitri\u00f3n El Colegio Adventista de Talcahuano Centro (CATCe), fundado en el a\u00f1o 1960, se encuentra situado en la ciudad portuaria hom\u00f3nima, en la regi\u00f3n del Biob\u00edo; conocida por su importancia industrial y comercial. Como parte de la red global de colegios adventistas, el CATCe se distingue por su firme compromiso con una educaci\u00f3n basada [&hellip;]<\/p>\n","protected":false},"author":1,"featured_media":0,"parent":0,"menu_order":0,"comment_status":"closed","ping_status":"closed","template":"","meta":{"_acf_changed":false,"_monsterinsights_skip_tracking":false,"_monsterinsights_sitenote_active":false,"_monsterinsights_sitenote_note":"","_monsterinsights_sitenote_category":0,"_uf_show_specific_survey":0,"_uf_disable_surveys":false,"footnotes":""},"class_list":["post-901","page","type-page","status-publish","hentry"],"acf":[],"_links":{"self":[{"href":"https:\/\/www.educatce.cl\/cyt2024\/wp-json\/wp\/v2\/pages\/901","targetHints":{"allow":["GET"]}}],"collection":[{"href":"https:\/\/www.educatce.cl\/cyt2024\/wp-json\/wp\/v2\/pages"}],"about":[{"href":"https:\/\/www.educatce.cl\/cyt2024\/wp-json\/wp\/v2\/types\/page"}],"author":[{"embeddable":true,"href":"https:\/\/www.educatce.cl\/cyt2024\/wp-json\/wp\/v2\/users\/1"}],"replies":[{"embeddable":true,"href":"https:\/\/www.educatce.cl\/cyt2024\/wp-json\/wp\/v2\/comments?post=901"}],"version-history":[{"count":10,"href":"https:\/\/www.educatce.cl\/cyt2024\/wp-json\/wp\/v2\/pages\/901\/revisions"}],"predecessor-version":[{"id":1030,"href":"https:\/\/www.educatce.cl\/cyt2024\/wp-json\/wp\/v2\/pages\/901\/revisions\/1030"}],"wp:attachment":[{"href":"https:\/\/www.educatce.cl\/cyt2024\/wp-json\/wp\/v2\/media?parent=901"}],"curies":[{"name":"wp","href":"https:\/\/api.w.org\/{rel}","templated":true}]}}