{"id":6712,"date":"2024-11-05T03:01:46","date_gmt":"2024-11-05T03:01:46","guid":{"rendered":"https:\/\/www.educatce.cl\/04\/?page_id=6712"},"modified":"2024-11-05T03:06:50","modified_gmt":"2024-11-05T03:06:50","slug":"filosofia-educacion-adventista","status":"publish","type":"page","link":"https:\/\/www.educatce.cl\/04\/filosofia-educacion-adventista\/","title":{"rendered":"Filosof\u00eda Adventista"},"content":{"rendered":"\t\t<div data-elementor-type=\"wp-page\" data-elementor-id=\"6712\" class=\"elementor elementor-6712\">\n\t\t\t\t<div class=\"elementor-element elementor-element-b92450e e-grid e-con-boxed e-con e-parent\" data-id=\"b92450e\" data-element_type=\"container\">\n\t\t\t\t\t<div class=\"e-con-inner\">\n\t\t\t\t<div class=\"elementor-element elementor-element-c42e1b0 elementor-widget elementor-widget-image\" data-id=\"c42e1b0\" data-element_type=\"widget\" data-widget_type=\"image.default\">\n\t\t\t\t<div class=\"elementor-widget-container\">\n\t\t\t<style>\/*! elementor - v3.23.0 - 05-08-2024 *\/\n.elementor-widget-image{text-align:center}.elementor-widget-image a{display:inline-block}.elementor-widget-image a img[src$=\".svg\"]{width:48px}.elementor-widget-image img{vertical-align:middle;display:inline-block}<\/style>\t\t\t\t\t\t\t\t\t\t<img fetchpriority=\"high\" decoding=\"async\" width=\"1024\" height=\"334\" src=\"https:\/\/www.educatce.cl\/04\/wp-content\/uploads\/2024\/11\/filosofpia-1024x334.png\" class=\"attachment-large size-large wp-image-6714\" alt=\"\" srcset=\"https:\/\/www.educatce.cl\/04\/wp-content\/uploads\/2024\/11\/filosofpia-1024x334.png 1024w, https:\/\/www.educatce.cl\/04\/wp-content\/uploads\/2024\/11\/filosofpia-300x98.png 300w, https:\/\/www.educatce.cl\/04\/wp-content\/uploads\/2024\/11\/filosofpia-768x251.png 768w, https:\/\/www.educatce.cl\/04\/wp-content\/uploads\/2024\/11\/filosofpia-600x196.png 600w, https:\/\/www.educatce.cl\/04\/wp-content\/uploads\/2024\/11\/filosofpia.png 1146w\" sizes=\"(max-width: 1024px) 100vw, 1024px\" \/>\t\t\t\t\t\t\t\t\t\t\t\t\t<\/div>\n\t\t\t\t<\/div>\n\t\t\t\t\t<\/div>\n\t\t\t\t<\/div>\n\t\t<div class=\"elementor-element elementor-element-fd34205 e-flex e-con-boxed e-con e-parent\" data-id=\"fd34205\" data-element_type=\"container\">\n\t\t\t\t\t<div class=\"e-con-inner\">\n\t\t\t\t<div class=\"elementor-element elementor-element-5e751ff elementor-widget elementor-widget-text-editor\" data-id=\"5e751ff\" data-element_type=\"widget\" data-widget_type=\"text-editor.default\">\n\t\t\t\t<div class=\"elementor-widget-container\">\n\t\t\t<style>\/*! elementor - v3.23.0 - 05-08-2024 *\/\n.elementor-widget-text-editor.elementor-drop-cap-view-stacked .elementor-drop-cap{background-color:#69727d;color:#fff}.elementor-widget-text-editor.elementor-drop-cap-view-framed .elementor-drop-cap{color:#69727d;border:3px solid;background-color:transparent}.elementor-widget-text-editor:not(.elementor-drop-cap-view-default) .elementor-drop-cap{margin-top:8px}.elementor-widget-text-editor:not(.elementor-drop-cap-view-default) .elementor-drop-cap-letter{width:1em;height:1em}.elementor-widget-text-editor .elementor-drop-cap{float:left;text-align:center;line-height:1;font-size:50px}.elementor-widget-text-editor .elementor-drop-cap-letter{display:inline-block}<\/style>\t\t\t\t<p>La educaci\u00f3n cristiana en la percepci\u00f3n adventista, es concebida como una actividad redentora. Esto significa que el desarrollo del educando es considerado integralmente; ya que la persona como un todo es importante para Dios. Por lo tanto, el objetivo de la educaci\u00f3n adventista es la restauraci\u00f3n de la imagen de Dios en el ser humano, en sus dimensiones f\u00edsicas, intelectuales y espirituales.<\/p>\n<p>El enfoque filos\u00f3fico de la educaci\u00f3n adventista propone una acci\u00f3n pedag\u00f3gica que enfrente a los docentes, directores, coordinadores, consejeros y especialistas en curr\u00edculo, con las grandes preguntas que subyacen al significado y prop\u00f3sito de la vida y de la educaci\u00f3n.<\/p>\n<p>Esto conlleva la necesidad de crear condiciones para que, en esta b\u00fasqueda, el estudiante pueda entender estas preguntas y afrontarlas consciente de sus implicancias eternas.<\/p>\n<blockquote>\n<p><em>Temas tales como el origen de la vida, el significado y las fuentes del conocimiento, y la estructura de los valores, se instalan en los aspectos pedag\u00f3gicos transversales, otorgando la identidad adventista en todo el quehacer pedag\u00f3gico.<\/em><\/p>\n<\/blockquote>\n<p>En este esfuerzo, la filosof\u00eda de la educaci\u00f3n adventista busca poner al estudiante y a sus profesores en una posici\u00f3n donde les sea posible evaluar inteligentemente los fines alternativos, relacionar sus objetivos con las metas deseadas, y seleccionar las metodolog\u00edas did\u00e1cticas que armonicen con el ideario filos\u00f3fico que sustenta los fines y las metas.<\/p>\n<p>Sobre estas bases se configura el modelo pedag\u00f3gico adventista, documento que resume el marco referencial que sienta las bases para la elaboraci\u00f3n del Proyectos Curriculares Institucionales, Proyectos Educativos Institucionales, Proyectos Curriculares de Aula, y todos los documentos necesarios para operar de manera eficiente.<\/p>\n\t\t\t\t\t\t<\/div>\n\t\t\t\t<\/div>\n\t\t\t\t\t<\/div>\n\t\t\t\t<\/div>\n\t\t\t\t<\/div>\n\t\t","protected":false},"excerpt":{"rendered":"<p>La educaci\u00f3n cristiana en la percepci\u00f3n adventista, es concebida como una actividad redentora. Esto significa que el desarrollo del educando es considerado integralmente; ya que la persona como un todo es importante para Dios. Por lo tanto, el objetivo de la educaci\u00f3n adventista es la restauraci\u00f3n de la imagen de Dios en el ser humano, [&hellip;]<\/p>\n","protected":false},"author":1,"featured_media":0,"parent":0,"menu_order":0,"comment_status":"closed","ping_status":"closed","template":"","meta":{"footnotes":""},"class_list":["post-6712","page","type-page","status-publish","hentry"],"_links":{"self":[{"href":"https:\/\/www.educatce.cl\/04\/wp-json\/wp\/v2\/pages\/6712","targetHints":{"allow":["GET"]}}],"collection":[{"href":"https:\/\/www.educatce.cl\/04\/wp-json\/wp\/v2\/pages"}],"about":[{"href":"https:\/\/www.educatce.cl\/04\/wp-json\/wp\/v2\/types\/page"}],"author":[{"embeddable":true,"href":"https:\/\/www.educatce.cl\/04\/wp-json\/wp\/v2\/users\/1"}],"replies":[{"embeddable":true,"href":"https:\/\/www.educatce.cl\/04\/wp-json\/wp\/v2\/comments?post=6712"}],"version-history":[{"count":5,"href":"https:\/\/www.educatce.cl\/04\/wp-json\/wp\/v2\/pages\/6712\/revisions"}],"predecessor-version":[{"id":6718,"href":"https:\/\/www.educatce.cl\/04\/wp-json\/wp\/v2\/pages\/6712\/revisions\/6718"}],"wp:attachment":[{"href":"https:\/\/www.educatce.cl\/04\/wp-json\/wp\/v2\/media?parent=6712"}],"curies":[{"name":"wp","href":"https:\/\/api.w.org\/{rel}","templated":true}]}}