{"id":6689,"date":"2024-11-05T02:40:47","date_gmt":"2024-11-05T02:40:47","guid":{"rendered":"https:\/\/www.educatce.cl\/04\/?page_id=6689"},"modified":"2024-11-05T02:41:43","modified_gmt":"2024-11-05T02:41:43","slug":"logotipo","status":"publish","type":"page","link":"https:\/\/www.educatce.cl\/04\/logotipo\/","title":{"rendered":"Logotipo"},"content":{"rendered":"\t\t<div data-elementor-type=\"wp-page\" data-elementor-id=\"6689\" class=\"elementor elementor-6689\">\n\t\t\t\t<div class=\"elementor-element elementor-element-b92450e e-grid e-con-boxed e-con e-parent\" data-id=\"b92450e\" data-element_type=\"container\">\n\t\t\t\t\t<div class=\"e-con-inner\">\n\t\t\t\t<div class=\"elementor-element elementor-element-c42e1b0 elementor-widget elementor-widget-image\" data-id=\"c42e1b0\" data-element_type=\"widget\" data-widget_type=\"image.default\">\n\t\t\t\t<div class=\"elementor-widget-container\">\n\t\t\t<style>\/*! elementor - v3.23.0 - 05-08-2024 *\/\n.elementor-widget-image{text-align:center}.elementor-widget-image a{display:inline-block}.elementor-widget-image a img[src$=\".svg\"]{width:48px}.elementor-widget-image img{vertical-align:middle;display:inline-block}<\/style>\t\t\t\t\t\t\t\t\t\t<img fetchpriority=\"high\" decoding=\"async\" width=\"480\" height=\"380\" src=\"https:\/\/www.educatce.cl\/04\/wp-content\/uploads\/2024\/10\/catce-1-480x380.png\" class=\"attachment-img-480-380 size-img-480-380 wp-image-6214\" alt=\"\" srcset=\"https:\/\/www.educatce.cl\/04\/wp-content\/uploads\/2024\/10\/catce-1-480x380.png 480w, https:\/\/www.educatce.cl\/04\/wp-content\/uploads\/2024\/10\/catce-1-63x50.png 63w\" sizes=\"(max-width: 480px) 100vw, 480px\" \/>\t\t\t\t\t\t\t\t\t\t\t\t\t<\/div>\n\t\t\t\t<\/div>\n\t\t\t\t\t<\/div>\n\t\t\t\t<\/div>\n\t\t<div class=\"elementor-element elementor-element-fd34205 e-flex e-con-boxed e-con e-parent\" data-id=\"fd34205\" data-element_type=\"container\">\n\t\t\t\t\t<div class=\"e-con-inner\">\n\t\t\t\t<div class=\"elementor-element elementor-element-5e751ff elementor-widget elementor-widget-text-editor\" data-id=\"5e751ff\" data-element_type=\"widget\" data-widget_type=\"text-editor.default\">\n\t\t\t\t<div class=\"elementor-widget-container\">\n\t\t\t<style>\/*! elementor - v3.23.0 - 05-08-2024 *\/\n.elementor-widget-text-editor.elementor-drop-cap-view-stacked .elementor-drop-cap{background-color:#69727d;color:#fff}.elementor-widget-text-editor.elementor-drop-cap-view-framed .elementor-drop-cap{color:#69727d;border:3px solid;background-color:transparent}.elementor-widget-text-editor:not(.elementor-drop-cap-view-default) .elementor-drop-cap{margin-top:8px}.elementor-widget-text-editor:not(.elementor-drop-cap-view-default) .elementor-drop-cap-letter{width:1em;height:1em}.elementor-widget-text-editor .elementor-drop-cap{float:left;text-align:center;line-height:1;font-size:50px}.elementor-widget-text-editor .elementor-drop-cap-letter{display:inline-block}<\/style>\t\t\t\t<p><strong>Significado<\/strong><\/p>\n<p>Las llamas centrales representan el desarrollo humano en los aspectos f\u00edsico, mental y espiritual. Adem\u00e1s, las astas laterales que forman la letra A, presentan un camino central a seguir sobre la trayectoria del estudiante en su vida profesional, personal y espiritual.<\/p>\n<p>La educaci\u00f3n Adventista del S\u00e9ptimo D\u00eda se ha construido sobre tres pilares hist\u00f3ricos que unen el pasado, el presente y el futuro: redenci\u00f3n, integridad y permanencia. La educaci\u00f3n adventista tiene su propia y \u00fanica historia de unos 145 a\u00f1os desde el comienzo de la contribuci\u00f3n de Elena de White y el establecimiento de la primera escuela adventista en 1872.<\/p>\n<blockquote>\n<p><strong> Estos principios no se han alterado con el paso del tiempo o con el cambio de ubicaci\u00f3n geogr\u00e1fica. De los escritos de Elena de White se deduce que son redenci\u00f3n, integridad y permanencia.<\/strong><\/p>\n<\/blockquote>\n\t\t\t\t\t\t<\/div>\n\t\t\t\t<\/div>\n\t\t\t\t\t<\/div>\n\t\t\t\t<\/div>\n\t\t\t\t<\/div>\n\t\t","protected":false},"excerpt":{"rendered":"<p>Significado Las llamas centrales representan el desarrollo humano en los aspectos f\u00edsico, mental y espiritual. Adem\u00e1s, las astas laterales que forman la letra A, presentan un camino central a seguir sobre la trayectoria del estudiante en su vida profesional, personal y espiritual. La educaci\u00f3n Adventista del S\u00e9ptimo D\u00eda se ha construido sobre tres pilares hist\u00f3ricos [&hellip;]<\/p>\n","protected":false},"author":1,"featured_media":0,"parent":0,"menu_order":0,"comment_status":"closed","ping_status":"closed","template":"","meta":{"footnotes":""},"class_list":["post-6689","page","type-page","status-publish","hentry"],"_links":{"self":[{"href":"https:\/\/www.educatce.cl\/04\/wp-json\/wp\/v2\/pages\/6689","targetHints":{"allow":["GET"]}}],"collection":[{"href":"https:\/\/www.educatce.cl\/04\/wp-json\/wp\/v2\/pages"}],"about":[{"href":"https:\/\/www.educatce.cl\/04\/wp-json\/wp\/v2\/types\/page"}],"author":[{"embeddable":true,"href":"https:\/\/www.educatce.cl\/04\/wp-json\/wp\/v2\/users\/1"}],"replies":[{"embeddable":true,"href":"https:\/\/www.educatce.cl\/04\/wp-json\/wp\/v2\/comments?post=6689"}],"version-history":[{"count":4,"href":"https:\/\/www.educatce.cl\/04\/wp-json\/wp\/v2\/pages\/6689\/revisions"}],"predecessor-version":[{"id":6693,"href":"https:\/\/www.educatce.cl\/04\/wp-json\/wp\/v2\/pages\/6689\/revisions\/6693"}],"wp:attachment":[{"href":"https:\/\/www.educatce.cl\/04\/wp-json\/wp\/v2\/media?parent=6689"}],"curies":[{"name":"wp","href":"https:\/\/api.w.org\/{rel}","templated":true}]}}