{"id":6220,"date":"2024-10-14T18:25:47","date_gmt":"2024-10-14T18:25:47","guid":{"rendered":"https:\/\/www.educatce.cl\/04\/?page_id=6220"},"modified":"2024-11-05T02:53:51","modified_gmt":"2024-11-05T02:53:51","slug":"enfasis-2024","status":"publish","type":"page","link":"https:\/\/www.educatce.cl\/04\/enfasis-2024\/","title":{"rendered":"\u00c9nfasis 2025"},"content":{"rendered":"\t\t<div data-elementor-type=\"wp-page\" data-elementor-id=\"6220\" class=\"elementor elementor-6220\">\n\t\t\t\t<div class=\"elementor-element elementor-element-b665218 e-con-full e-flex e-con e-parent\" data-id=\"b665218\" data-element_type=\"container\">\n\t\t<div class=\"elementor-element elementor-element-29989a2 e-con-full e-flex e-con e-child\" data-id=\"29989a2\" data-element_type=\"container\">\n\t\t\t\t<div class=\"elementor-element elementor-element-6903c70 elementor-widget elementor-widget-image\" data-id=\"6903c70\" data-element_type=\"widget\" data-widget_type=\"image.default\">\n\t\t\t\t<div class=\"elementor-widget-container\">\n\t\t\t<style>\/*! elementor - v3.23.0 - 05-08-2024 *\/\n.elementor-widget-image{text-align:center}.elementor-widget-image a{display:inline-block}.elementor-widget-image a img[src$=\".svg\"]{width:48px}.elementor-widget-image img{vertical-align:middle;display:inline-block}<\/style>\t\t\t\t\t\t\t\t\t\t<img fetchpriority=\"high\" decoding=\"async\" width=\"727\" height=\"1024\" src=\"https:\/\/www.educatce.cl\/04\/wp-content\/uploads\/2024\/11\/logo_enfasis_2024-727x1024.png\" class=\"attachment-large size-large wp-image-6695\" alt=\"\" srcset=\"https:\/\/www.educatce.cl\/04\/wp-content\/uploads\/2024\/11\/logo_enfasis_2024-727x1024.png 727w, https:\/\/www.educatce.cl\/04\/wp-content\/uploads\/2024\/11\/logo_enfasis_2024-213x300.png 213w, https:\/\/www.educatce.cl\/04\/wp-content\/uploads\/2024\/11\/logo_enfasis_2024-768x1081.png 768w, https:\/\/www.educatce.cl\/04\/wp-content\/uploads\/2024\/11\/logo_enfasis_2024-600x845.png 600w, https:\/\/www.educatce.cl\/04\/wp-content\/uploads\/2024\/11\/logo_enfasis_2024.png 824w\" sizes=\"(max-width: 727px) 100vw, 727px\" \/>\t\t\t\t\t\t\t\t\t\t\t\t\t<\/div>\n\t\t\t\t<\/div>\n\t\t\t\t<\/div>\n\t\t<div class=\"elementor-element elementor-element-df7d628 e-con-full e-flex e-con e-child\" data-id=\"df7d628\" data-element_type=\"container\">\n\t\t\t\t<div class=\"elementor-element elementor-element-5456d0e elementor-widget elementor-widget-text-editor\" data-id=\"5456d0e\" data-element_type=\"widget\" data-widget_type=\"text-editor.default\">\n\t\t\t\t<div class=\"elementor-widget-container\">\n\t\t\t<style>\/*! elementor - v3.23.0 - 05-08-2024 *\/\n.elementor-widget-text-editor.elementor-drop-cap-view-stacked .elementor-drop-cap{background-color:#69727d;color:#fff}.elementor-widget-text-editor.elementor-drop-cap-view-framed .elementor-drop-cap{color:#69727d;border:3px solid;background-color:transparent}.elementor-widget-text-editor:not(.elementor-drop-cap-view-default) .elementor-drop-cap{margin-top:8px}.elementor-widget-text-editor:not(.elementor-drop-cap-view-default) .elementor-drop-cap-letter{width:1em;height:1em}.elementor-widget-text-editor .elementor-drop-cap{float:left;text-align:center;line-height:1;font-size:50px}.elementor-widget-text-editor .elementor-drop-cap-letter{display:inline-block}<\/style>\t\t\t\t<h3><strong>Ser una luz<\/strong><\/h3>\n<p>En el Colegio Adventista de Talcahuano Centro, creemos que la educaci\u00f3n es una luz que ilumina el camino hacia un futuro de prop\u00f3sito, servicio y entrega. Nuestra misi\u00f3n es formar estudiantes que no solo brillen por su conocimiento, sino tambi\u00e9n por su car\u00e1cter, abnegaci\u00f3n y compromiso con Dios, para que sirvan a la humanidad con humildad y amor.<\/p>\n<h3><strong>El dominio del ingl\u00e9s<\/strong><\/h3>\n<p>El ingl\u00e9s como lengua global, se convierte en una herramienta clave para abrir puertas y derribar fronteras, prepar\u00e1ndolos para llevar el mensaje del Evangelio a cada rinc\u00f3n del mundo. Al integrar este idioma en nuestro programa educativo, capacitamos a nuestros estudiantes para que sean agentes de cambio en un mundo globalizado, sirviendo a los dem\u00e1s de manera desinteresada.<\/p>\n<h3><strong>Nos inspira el consejo de Elena de White<\/strong><\/h3>\n<p>&#8220;El mayor servicio que podemos prestar a nuestro pr\u00f3jimo es mostrarles el amor de Dios mediante actos abnegados&#8221; (Ministerio de curaci\u00f3n, p. 143). Esta abnegaci\u00f3n, el poner a los dem\u00e1s primero, se refleja en todo lo que hacemos, preparando a nuestros alumnos para ser luz y esperanza en sus comunidades.<\/p>\n<blockquote>\n<p><em>La Biblia tambi\u00e9n nos recuerda nuestro prop\u00f3sito en Mateo 5:14: &#8220;Vosotros sois la luz del mundo. Una ciudad asentada sobre un monte no se puede esconder&#8221;. Nuestros estudiantes son llamados a servir como faros de verdad y amor, iluminando su entorno y extendiendo sus manos a quienes m\u00e1s lo necesitan.<\/em><\/p>\n<\/blockquote>\n<h3><strong>Nuestro enfoque<\/strong><\/h3>\n<p>La educaci\u00f3n integral no solo busca desarrollar mentes brillantes, sino corazones dispuestos al servicio. En el Colegio Adventista de Talcahuano Centro, la educaci\u00f3n transforma vidas, inspirando a los estudiantes a servir al mundo con abnegaci\u00f3n, llevando luz donde reina la oscuridad.<\/p>\n\t\t\t\t\t\t<\/div>\n\t\t\t\t<\/div>\n\t\t\t\t<\/div>\n\t\t\t\t<\/div>\n\t\t\t\t<\/div>\n\t\t","protected":false},"excerpt":{"rendered":"<p>Ser una luz En el Colegio Adventista de Talcahuano Centro, creemos que la educaci\u00f3n es una luz que ilumina el camino hacia un futuro de prop\u00f3sito, servicio y entrega. Nuestra misi\u00f3n es formar estudiantes que no solo brillen por su conocimiento, sino tambi\u00e9n por su car\u00e1cter, abnegaci\u00f3n y compromiso con Dios, para que sirvan a [&hellip;]<\/p>\n","protected":false},"author":1,"featured_media":0,"parent":0,"menu_order":0,"comment_status":"closed","ping_status":"closed","template":"","meta":{"footnotes":""},"class_list":["post-6220","page","type-page","status-publish","hentry"],"_links":{"self":[{"href":"https:\/\/www.educatce.cl\/04\/wp-json\/wp\/v2\/pages\/6220","targetHints":{"allow":["GET"]}}],"collection":[{"href":"https:\/\/www.educatce.cl\/04\/wp-json\/wp\/v2\/pages"}],"about":[{"href":"https:\/\/www.educatce.cl\/04\/wp-json\/wp\/v2\/types\/page"}],"author":[{"embeddable":true,"href":"https:\/\/www.educatce.cl\/04\/wp-json\/wp\/v2\/users\/1"}],"replies":[{"embeddable":true,"href":"https:\/\/www.educatce.cl\/04\/wp-json\/wp\/v2\/comments?post=6220"}],"version-history":[{"count":24,"href":"https:\/\/www.educatce.cl\/04\/wp-json\/wp\/v2\/pages\/6220\/revisions"}],"predecessor-version":[{"id":6711,"href":"https:\/\/www.educatce.cl\/04\/wp-json\/wp\/v2\/pages\/6220\/revisions\/6711"}],"wp:attachment":[{"href":"https:\/\/www.educatce.cl\/04\/wp-json\/wp\/v2\/media?parent=6220"}],"curies":[{"name":"wp","href":"https:\/\/api.w.org\/{rel}","templated":true}]}}