{"id":6209,"date":"2024-10-14T18:10:05","date_gmt":"2024-10-14T18:10:05","guid":{"rendered":"https:\/\/www.educatce.cl\/04\/?page_id=6209"},"modified":"2024-11-05T02:34:01","modified_gmt":"2024-11-05T02:34:01","slug":"espiritu-de-profecia","status":"publish","type":"page","link":"https:\/\/www.educatce.cl\/04\/espiritu-de-profecia\/","title":{"rendered":"Esp\u00edritu de profec\u00eda"},"content":{"rendered":"\t\t<div data-elementor-type=\"wp-page\" data-elementor-id=\"6209\" class=\"elementor elementor-6209\">\n\t\t\t\t<div class=\"elementor-element elementor-element-b92450e e-grid e-con-boxed e-con e-parent\" data-id=\"b92450e\" data-element_type=\"container\">\n\t\t\t\t\t<div class=\"e-con-inner\">\n\t\t\t\t<div class=\"elementor-element elementor-element-c42e1b0 elementor-widget elementor-widget-image\" data-id=\"c42e1b0\" data-element_type=\"widget\" data-widget_type=\"image.default\">\n\t\t\t\t<div class=\"elementor-widget-container\">\n\t\t\t<style>\/*! elementor - v3.23.0 - 05-08-2024 *\/\n.elementor-widget-image{text-align:center}.elementor-widget-image a{display:inline-block}.elementor-widget-image a img[src$=\".svg\"]{width:48px}.elementor-widget-image img{vertical-align:middle;display:inline-block}<\/style>\t\t\t\t\t\t\t\t\t\t<img fetchpriority=\"high\" decoding=\"async\" width=\"1024\" height=\"272\" src=\"https:\/\/www.educatce.cl\/04\/wp-content\/uploads\/2024\/11\/espiritu-profecia-cristo-scaled-1-1024x272.jpg\" class=\"attachment-large size-large wp-image-6680\" alt=\"\" srcset=\"https:\/\/www.educatce.cl\/04\/wp-content\/uploads\/2024\/11\/espiritu-profecia-cristo-scaled-1-1024x272.jpg 1024w, https:\/\/www.educatce.cl\/04\/wp-content\/uploads\/2024\/11\/espiritu-profecia-cristo-scaled-1-300x80.jpg 300w, https:\/\/www.educatce.cl\/04\/wp-content\/uploads\/2024\/11\/espiritu-profecia-cristo-scaled-1-768x204.jpg 768w, https:\/\/www.educatce.cl\/04\/wp-content\/uploads\/2024\/11\/espiritu-profecia-cristo-scaled-1-1536x408.jpg 1536w, https:\/\/www.educatce.cl\/04\/wp-content\/uploads\/2024\/11\/espiritu-profecia-cristo-scaled-1-2048x544.jpg 2048w, https:\/\/www.educatce.cl\/04\/wp-content\/uploads\/2024\/11\/espiritu-profecia-cristo-scaled-1-600x159.jpg 600w\" sizes=\"(max-width: 1024px) 100vw, 1024px\" \/>\t\t\t\t\t\t\t\t\t\t\t\t\t<\/div>\n\t\t\t\t<\/div>\n\t\t\t\t\t<\/div>\n\t\t\t\t<\/div>\n\t\t<div class=\"elementor-element elementor-element-fd34205 e-flex e-con-boxed e-con e-parent\" data-id=\"fd34205\" data-element_type=\"container\">\n\t\t\t\t\t<div class=\"e-con-inner\">\n\t\t\t\t<div class=\"elementor-element elementor-element-5e751ff elementor-widget elementor-widget-text-editor\" data-id=\"5e751ff\" data-element_type=\"widget\" data-widget_type=\"text-editor.default\">\n\t\t\t\t<div class=\"elementor-widget-container\">\n\t\t\t<style>\/*! elementor - v3.23.0 - 05-08-2024 *\/\n.elementor-widget-text-editor.elementor-drop-cap-view-stacked .elementor-drop-cap{background-color:#69727d;color:#fff}.elementor-widget-text-editor.elementor-drop-cap-view-framed .elementor-drop-cap{color:#69727d;border:3px solid;background-color:transparent}.elementor-widget-text-editor:not(.elementor-drop-cap-view-default) .elementor-drop-cap{margin-top:8px}.elementor-widget-text-editor:not(.elementor-drop-cap-view-default) .elementor-drop-cap-letter{width:1em;height:1em}.elementor-widget-text-editor .elementor-drop-cap{float:left;text-align:center;line-height:1;font-size:50px}.elementor-widget-text-editor .elementor-drop-cap-letter{display:inline-block}<\/style>\t\t\t\t<h3><strong>Las Escrituras testifican<\/strong><\/h3>\n<p>Uno de los dones del Esp\u00edritu Santo es la profec\u00eda. Este don es una marca identificadora de la iglesia remanente y creemos que se manifest\u00f3 en el ministerio de Ellen G. White. Sus escritos hablan con autoridad prof\u00e9tica y proveen consuelo, gu\u00eda, instrucci\u00f3n, y correcci\u00f3n a la iglesia.<\/p>\n<p>La Pluma Inspirada ha dedicado extensas y numerosas p\u00e1gina a reforzar el car\u00e1cter e importancia de la Educaci\u00f3n.<\/p>\n<p>Nota de ello es la siguiente cita \u201cLa obra de la redenci\u00f3n deb\u00eda restaurar en el hombre la imagen de su Hacedor, devolverlo a la perfecci\u00f3n con que hab\u00eda sido creado, promover el desarrollo del cuerpo, la mente y el alma, a fin de que se llevara a cabo el prop\u00f3sito divino para el cual los seres humanos hab\u00edamos sido creados. Este es el objetivo de la educaci\u00f3n, el gran prop\u00f3sito de la vida\u00bb<\/p>\n<p>\u00bbLa verdadera educaci\u00f3n significa m\u00e1s que la prosecuci\u00f3n de un determinado curso de estudio. Significa m\u00e1s que una preparaci\u00f3n para la vida actual\u201d. El concepto divino de educaci\u00f3n no concluye cuando el alumno termine un curr\u00edculo de materias para pasar al siguiente curso o concluya una carrera. La educaci\u00f3n que Dios tiene planeada para nosotros no se limita a que tener una profesi\u00f3n u oficio para solventar los gastos de la vida. La educaci\u00f3n adventista mira m\u00e1s all\u00e1 de este mundo. En realidad, \u201cabarca todo el ser y toda la vida del ser humano\u201d<\/p>\n<blockquote>\n<p><strong>Si desea conocer un poco m\u00e1s, puede visitar el archivo online <a href=\"https:\/\/m.egwwritings.org\/es\/folders\/236\">aqu\u00ed &gt;&gt;<\/a><\/strong><\/p>\n<\/blockquote>\n\t\t\t\t\t\t<\/div>\n\t\t\t\t<\/div>\n\t\t\t\t\t<\/div>\n\t\t\t\t<\/div>\n\t\t\t\t<\/div>\n\t\t","protected":false},"excerpt":{"rendered":"<p>Las Escrituras testifican Uno de los dones del Esp\u00edritu Santo es la profec\u00eda. Este don es una marca identificadora de la iglesia remanente y creemos que se manifest\u00f3 en el ministerio de Ellen G. White. Sus escritos hablan con autoridad prof\u00e9tica y proveen consuelo, gu\u00eda, instrucci\u00f3n, y correcci\u00f3n a la iglesia. La Pluma Inspirada ha [&hellip;]<\/p>\n","protected":false},"author":1,"featured_media":0,"parent":0,"menu_order":0,"comment_status":"closed","ping_status":"closed","template":"","meta":{"footnotes":""},"class_list":["post-6209","page","type-page","status-publish","hentry"],"_links":{"self":[{"href":"https:\/\/www.educatce.cl\/04\/wp-json\/wp\/v2\/pages\/6209","targetHints":{"allow":["GET"]}}],"collection":[{"href":"https:\/\/www.educatce.cl\/04\/wp-json\/wp\/v2\/pages"}],"about":[{"href":"https:\/\/www.educatce.cl\/04\/wp-json\/wp\/v2\/types\/page"}],"author":[{"embeddable":true,"href":"https:\/\/www.educatce.cl\/04\/wp-json\/wp\/v2\/users\/1"}],"replies":[{"embeddable":true,"href":"https:\/\/www.educatce.cl\/04\/wp-json\/wp\/v2\/comments?post=6209"}],"version-history":[{"count":21,"href":"https:\/\/www.educatce.cl\/04\/wp-json\/wp\/v2\/pages\/6209\/revisions"}],"predecessor-version":[{"id":6688,"href":"https:\/\/www.educatce.cl\/04\/wp-json\/wp\/v2\/pages\/6209\/revisions\/6688"}],"wp:attachment":[{"href":"https:\/\/www.educatce.cl\/04\/wp-json\/wp\/v2\/media?parent=6209"}],"curies":[{"name":"wp","href":"https:\/\/api.w.org\/{rel}","templated":true}]}}