{"id":6176,"date":"2024-10-14T17:32:14","date_gmt":"2024-10-14T17:32:14","guid":{"rendered":"https:\/\/www.educatce.cl\/04\/?page_id=6176"},"modified":"2024-11-05T12:36:55","modified_gmt":"2024-11-05T12:36:55","slug":"nuestra-historia","status":"publish","type":"page","link":"https:\/\/www.educatce.cl\/04\/nuestra-historia\/","title":{"rendered":"Nuestra Historia"},"content":{"rendered":"\t\t<div data-elementor-type=\"wp-page\" data-elementor-id=\"6176\" class=\"elementor elementor-6176\">\n\t\t\t\t<div class=\"elementor-element elementor-element-5cc2c8a e-grid e-con-boxed e-con e-parent\" data-id=\"5cc2c8a\" data-element_type=\"container\">\n\t\t\t\t\t<div class=\"e-con-inner\">\n\t\t\t\t<div class=\"elementor-element elementor-element-b641774 elementor-widget elementor-widget-image\" data-id=\"b641774\" data-element_type=\"widget\" data-widget_type=\"image.default\">\n\t\t\t\t<div class=\"elementor-widget-container\">\n\t\t\t<style>\/*! elementor - v3.23.0 - 05-08-2024 *\/\n.elementor-widget-image{text-align:center}.elementor-widget-image a{display:inline-block}.elementor-widget-image a img[src$=\".svg\"]{width:48px}.elementor-widget-image img{vertical-align:middle;display:inline-block}<\/style>\t\t\t\t\t\t\t\t\t\t<img fetchpriority=\"high\" decoding=\"async\" width=\"1024\" height=\"576\" src=\"https:\/\/www.educatce.cl\/04\/wp-content\/uploads\/2024\/10\/001-1024x576.png\" class=\"attachment-large size-large wp-image-6197\" alt=\"\" srcset=\"https:\/\/www.educatce.cl\/04\/wp-content\/uploads\/2024\/10\/001-1024x576.png 1024w, https:\/\/www.educatce.cl\/04\/wp-content\/uploads\/2024\/10\/001-600x338.png 600w, https:\/\/www.educatce.cl\/04\/wp-content\/uploads\/2024\/10\/001-300x169.png 300w, https:\/\/www.educatce.cl\/04\/wp-content\/uploads\/2024\/10\/001-768x432.png 768w, https:\/\/www.educatce.cl\/04\/wp-content\/uploads\/2024\/10\/001-1536x864.png 1536w, https:\/\/www.educatce.cl\/04\/wp-content\/uploads\/2024\/10\/001-270x153.png 270w, https:\/\/www.educatce.cl\/04\/wp-content\/uploads\/2024\/10\/001.png 1920w\" sizes=\"(max-width: 1024px) 100vw, 1024px\" \/>\t\t\t\t\t\t\t\t\t\t\t\t\t<\/div>\n\t\t\t\t<\/div>\n\t\t\t\t\t<\/div>\n\t\t\t\t<\/div>\n\t\t<div class=\"elementor-element elementor-element-79eb472 e-flex e-con-boxed e-con e-parent\" data-id=\"79eb472\" data-element_type=\"container\">\n\t\t\t\t\t<div class=\"e-con-inner\">\n\t\t\t\t<div class=\"elementor-element elementor-element-d0714f7 elementor-widget elementor-widget-text-editor\" data-id=\"d0714f7\" data-element_type=\"widget\" data-widget_type=\"text-editor.default\">\n\t\t\t\t<div class=\"elementor-widget-container\">\n\t\t\t<style>\/*! elementor - v3.23.0 - 05-08-2024 *\/\n.elementor-widget-text-editor.elementor-drop-cap-view-stacked .elementor-drop-cap{background-color:#69727d;color:#fff}.elementor-widget-text-editor.elementor-drop-cap-view-framed .elementor-drop-cap{color:#69727d;border:3px solid;background-color:transparent}.elementor-widget-text-editor:not(.elementor-drop-cap-view-default) .elementor-drop-cap{margin-top:8px}.elementor-widget-text-editor:not(.elementor-drop-cap-view-default) .elementor-drop-cap-letter{width:1em;height:1em}.elementor-widget-text-editor .elementor-drop-cap{float:left;text-align:center;line-height:1;font-size:50px}.elementor-widget-text-editor .elementor-drop-cap-letter{display:inline-block}<\/style>\t\t\t\t<h3><strong>Un Lugar para Aprender y Crecer<\/strong><\/h3>\n<p>Hace mucho tiempo, en 1958, un grupo de personas que amaba a Dios decidi\u00f3 construir una escuela en Talcahuano. Quer\u00edan un lugar donde los ni\u00f1os no solo aprendieran a leer y escribir, sino que tambi\u00e9n pudieran conocer m\u00e1s sobre Jes\u00fas. As\u00ed fue como naci\u00f3, el que es hoy, el Colegio Adventista de Talcahuano Centro.<\/p>\n<p>Al principio, la escuela era peque\u00f1ita, y solo ten\u00eda clases desde primero hasta cuarto b\u00e1sico. Pero poco a poco fue creciendo, y en 1960, \u00a1fue reconocido por el Ministerio de Educaci\u00f3n de Chile!<\/p>\n<blockquote>\n<p><strong><em>Los ni\u00f1os que asist\u00edan estaban muy felices de poder estudiar en un lugar donde tambi\u00e9n aprend\u00edan a ser amables y a ayudar a los dem\u00e1s.<\/em><\/strong><\/p>\n<\/blockquote>\n<p>Con los a\u00f1os, la escuela sigui\u00f3 creciendo. Se construyeron m\u00e1s salas y m\u00e1s ni\u00f1os comenzaron a asistir. Pero un d\u00eda, en el a\u00f1o 2010, ocurri\u00f3 algo triste. Un gran terremoto sacudi\u00f3 el pa\u00eds, y el colegio qued\u00f3 muy da\u00f1ado. Los estudiantes ya no pod\u00edan estudiar all\u00ed, y todos estaban muy preocupados. Sin embargo, el CATCe no se rindi\u00f3. Un colegio hermano, el Colegio Adventista de Talcahuano Perales, lo recibi\u00f3 con los brazos abiertos, esto, mientras se constru\u00eda uno nuevo.<\/p>\n<p>Durante 5 a\u00f1os, desde 2010 hasta 2015, los ni\u00f1os estudiaron en otro lugar mientras esperaban su nuevo colegio. Finalmente, en mayo de 2015, \u00a1el nuevo edificio estaba listo! Ahora ten\u00eda cuatro pisos, con salas modernas y mucho espacio para todos los estudiantes. Todos estaban emocionados de volver a su nuevo hogar.<\/p>\n<p>A lo largo de los a\u00f1os, el Colegio Adventista de Talcahuano se ha destacado por su decido compromiso por la educaci\u00f3n integral. Los estudiantes no solo aprenden cosas importantes para sus estudios, sino que tambi\u00e9n se preparan para ayudar a los dem\u00e1s y ser buenos amigos. Hoy, m\u00e1s de 700 ni\u00f1os y j\u00f3venes d\u00eda a d\u00eda, aprenden a ser una luz para el mundo, tal como Jes\u00fas nos ense\u00f1\u00f3.<\/p>\n\t\t\t\t\t\t<\/div>\n\t\t\t\t<\/div>\n\t\t\t\t\t<\/div>\n\t\t\t\t<\/div>\n\t\t\t\t<section class=\"elementor-section elementor-top-section elementor-element elementor-element-5723ce7 elementor-section-stretched elementor-section-boxed elementor-section-height-default elementor-section-height-default\" data-id=\"5723ce7\" data-element_type=\"section\" data-settings=\"{&quot;background_background&quot;:&quot;classic&quot;,&quot;stretch_section&quot;:&quot;section-stretched&quot;}\">\n\t\t\t\t\t\t<div class=\"elementor-container elementor-column-gap-default\">\n\t\t\t\t\t<div class=\"elementor-column elementor-col-58 elementor-top-column elementor-element elementor-element-c9f4195\" data-id=\"c9f4195\" data-element_type=\"column\">\n\t\t\t<div class=\"elementor-widget-wrap elementor-element-populated\">\n\t\t\t\t\t\t<div class=\"elementor-element elementor-element-8fedf82 elementor-widget elementor-widget-heading\" data-id=\"8fedf82\" data-element_type=\"widget\" data-widget_type=\"heading.default\">\n\t\t\t\t<div class=\"elementor-widget-container\">\n\t\t\t<style>\/*! elementor - v3.23.0 - 05-08-2024 *\/\n.elementor-heading-title{padding:0;margin:0;line-height:1}.elementor-widget-heading .elementor-heading-title[class*=elementor-size-]>a{color:inherit;font-size:inherit;line-height:inherit}.elementor-widget-heading .elementor-heading-title.elementor-size-small{font-size:15px}.elementor-widget-heading .elementor-heading-title.elementor-size-medium{font-size:19px}.elementor-widget-heading .elementor-heading-title.elementor-size-large{font-size:29px}.elementor-widget-heading .elementor-heading-title.elementor-size-xl{font-size:39px}.elementor-widget-heading .elementor-heading-title.elementor-size-xxl{font-size:59px}<\/style><h2 class=\"elementor-heading-title elementor-size-default\">Inauguraci\u00f3n<br>de nuevo edificio<\/h2>\t\t<\/div>\n\t\t\t\t<\/div>\n\t\t\t\t<div class=\"elementor-element elementor-element-79948e7 elementor-widget elementor-widget-heading\" data-id=\"79948e7\" data-element_type=\"widget\" data-widget_type=\"heading.default\">\n\t\t\t\t<div class=\"elementor-widget-container\">\n\t\t\t<h3 class=\"elementor-heading-title elementor-size-default\"><em style=\"color: rgb(255, 255, 255); font-family: &quot;Open Sans&quot;; font-size: 24px; font-weight: 400; text-align: right; white-space-collapse: collapse;\">Tras el terromoto del sur de Chile, que afect\u00f3 la ciudad el 2010, se construye un nuevo edificio y se inaugura el a\u00f1o 2010.<\/em><\/h3>\t\t<\/div>\n\t\t\t\t<\/div>\n\t\t\t\t\t<\/div>\n\t\t<\/div>\n\t\t\t\t<div class=\"elementor-column elementor-col-41 elementor-top-column elementor-element elementor-element-fc61efc\" data-id=\"fc61efc\" data-element_type=\"column\">\n\t\t\t<div class=\"elementor-widget-wrap elementor-element-populated\">\n\t\t\t\t\t\t<div class=\"elementor-element elementor-element-f0fa40d elementor-widget elementor-widget-video\" data-id=\"f0fa40d\" data-element_type=\"widget\" data-settings=\"{&quot;youtube_url&quot;:&quot;https:\\\/\\\/www.youtube.com\\\/watch?v=Li6InW8m2Fs&quot;,&quot;video_type&quot;:&quot;youtube&quot;,&quot;controls&quot;:&quot;yes&quot;}\" data-widget_type=\"video.default\">\n\t\t\t\t<div class=\"elementor-widget-container\">\n\t\t\t<style>\/*! elementor - v3.23.0 - 05-08-2024 *\/\n.elementor-widget-video .elementor-widget-container{overflow:hidden;transform:translateZ(0)}.elementor-widget-video .elementor-wrapper{aspect-ratio:var(--video-aspect-ratio)}.elementor-widget-video .elementor-wrapper iframe,.elementor-widget-video .elementor-wrapper video{height:100%;width:100%;display:flex;border:none;background-color:#000}@supports not (aspect-ratio:1\/1){.elementor-widget-video .elementor-wrapper{position:relative;overflow:hidden;height:0;padding-bottom:calc(100% \/ var(--video-aspect-ratio))}.elementor-widget-video .elementor-wrapper iframe,.elementor-widget-video .elementor-wrapper video{position:absolute;top:0;right:0;bottom:0;left:0}}.elementor-widget-video .elementor-open-inline .elementor-custom-embed-image-overlay{position:absolute;top:0;right:0;bottom:0;left:0;background-size:cover;background-position:50%}.elementor-widget-video .elementor-custom-embed-image-overlay{cursor:pointer;text-align:center}.elementor-widget-video .elementor-custom-embed-image-overlay:hover .elementor-custom-embed-play i{opacity:1}.elementor-widget-video .elementor-custom-embed-image-overlay img{display:block;width:100%;aspect-ratio:var(--video-aspect-ratio);-o-object-fit:cover;object-fit:cover;-o-object-position:center center;object-position:center center}@supports not (aspect-ratio:1\/1){.elementor-widget-video .elementor-custom-embed-image-overlay{position:relative;overflow:hidden;height:0;padding-bottom:calc(100% \/ var(--video-aspect-ratio))}.elementor-widget-video .elementor-custom-embed-image-overlay img{position:absolute;top:0;right:0;bottom:0;left:0}}.elementor-widget-video .e-hosted-video .elementor-video{-o-object-fit:cover;object-fit:cover}.e-con-inner>.elementor-widget-video,.e-con>.elementor-widget-video{width:var(--container-widget-width);--flex-grow:var(--container-widget-flex-grow)}<\/style>\t\t<div class=\"elementor-wrapper elementor-open-inline\">\n\t\t\t<div class=\"elementor-video\"><\/div>\t\t<\/div>\n\t\t\t\t<\/div>\n\t\t\t\t<\/div>\n\t\t\t\t\t<\/div>\n\t\t<\/div>\n\t\t\t\t\t<\/div>\n\t\t<\/section>\n\t\t\t\t<\/div>\n\t\t","protected":false},"excerpt":{"rendered":"<p>Un Lugar para Aprender y Crecer Hace mucho tiempo, en 1958, un grupo de personas que amaba a Dios decidi\u00f3 construir una escuela en Talcahuano. Quer\u00edan un lugar donde los ni\u00f1os no solo aprendieran a leer y escribir, sino que tambi\u00e9n pudieran conocer m\u00e1s sobre Jes\u00fas. As\u00ed fue como naci\u00f3, el que es hoy, el [&hellip;]<\/p>\n","protected":false},"author":1,"featured_media":0,"parent":0,"menu_order":0,"comment_status":"closed","ping_status":"closed","template":"","meta":{"footnotes":""},"class_list":["post-6176","page","type-page","status-publish","hentry"],"_links":{"self":[{"href":"https:\/\/www.educatce.cl\/04\/wp-json\/wp\/v2\/pages\/6176","targetHints":{"allow":["GET"]}}],"collection":[{"href":"https:\/\/www.educatce.cl\/04\/wp-json\/wp\/v2\/pages"}],"about":[{"href":"https:\/\/www.educatce.cl\/04\/wp-json\/wp\/v2\/types\/page"}],"author":[{"embeddable":true,"href":"https:\/\/www.educatce.cl\/04\/wp-json\/wp\/v2\/users\/1"}],"replies":[{"embeddable":true,"href":"https:\/\/www.educatce.cl\/04\/wp-json\/wp\/v2\/comments?post=6176"}],"version-history":[{"count":50,"href":"https:\/\/www.educatce.cl\/04\/wp-json\/wp\/v2\/pages\/6176\/revisions"}],"predecessor-version":[{"id":6934,"href":"https:\/\/www.educatce.cl\/04\/wp-json\/wp\/v2\/pages\/6176\/revisions\/6934"}],"wp:attachment":[{"href":"https:\/\/www.educatce.cl\/04\/wp-json\/wp\/v2\/media?parent=6176"}],"curies":[{"name":"wp","href":"https:\/\/api.w.org\/{rel}","templated":true}]}}